{"id":414,"date":"2017-03-20T12:07:50","date_gmt":"2017-03-20T12:07:50","guid":{"rendered":"http:\/\/www.aemarvao.pt\/site\/?page_id=414"},"modified":"2025-09-24T13:45:10","modified_gmt":"2025-09-24T13:45:10","slug":"plano-tecnologico-da-educacao","status":"publish","type":"page","link":"https:\/\/aemarvao.edu.gov.pt\/site\/projetos\/plano-tecnologico-da-educacao\/","title":{"rendered":"Plano Tecnol\u00f3gico da Educa\u00e7\u00e3o"},"content":{"rendered":"<p align=\"justify\">Equipa de trabalho que promove a literacia tecnol\u00f3gica e a utiliza\u00e7\u00e3o sustentada dos recursos tecnol\u00f3gicos existentes no Agrupamento.<\/p>\n<h3><img loading=\"lazy\" class=\"alignnone size-full wp-image-415 aligncenter\" src=\"https:\/\/aemarvao.edu.gov.pt\/site\/wp-content\/uploads\/2017\/03\/Plano_Tecnologico_da_Educacao.png\" alt=\"\" width=\"346\" height=\"260\" srcset=\"https:\/\/aemarvao.edu.gov.pt\/site\/wp-content\/uploads\/2017\/03\/Plano_Tecnologico_da_Educacao.png 346w, https:\/\/aemarvao.edu.gov.pt\/site\/wp-content\/uploads\/2017\/03\/Plano_Tecnologico_da_Educacao-300x225.png 300w\" sizes=\"(max-width: 346px) 100vw, 346px\" \/><\/h3>\n<h3 style=\"text-align: center;\"><strong>Constitui\u00e7\u00e3o da equipa (2025\/2026):<\/strong><\/h3>\n<p style=\"text-align: center;\">Daniel Rodrigues (Coordenador) &#8211; Prof. 3.\u00ba CEB<br \/>\nCarla Cordeiro &#8211; Prof. 2.\u00ba CEB<br \/>\nJo\u00e3o Pires\u00a0 &#8211; Prof. 3.\u00ba CEB<\/p>\n<p style=\"text-align: center;\">\n","protected":false},"excerpt":{"rendered":"<p>Equipa de trabalho que promove a literacia tecnol\u00f3gica e a utiliza\u00e7\u00e3o sustentada dos recursos tecnol\u00f3gicos existentes no Agrupamento. Constitui\u00e7\u00e3o da equipa (2025\/2026): Daniel Rodrigues (Coordenador) &#8211; Prof. 3.\u00ba CEB Carla Cordeiro &#8211; Prof. 2.\u00ba CEB Jo\u00e3o Pires\u00a0 &#8211; Prof. 3.\u00ba CEB<\/p>\n","protected":false},"author":1,"featured_media":0,"parent":397,"menu_order":0,"comment_status":"closed","ping_status":"closed","template":"","meta":[],"_links":{"self":[{"href":"https:\/\/aemarvao.edu.gov.pt\/site\/wp-json\/wp\/v2\/pages\/414"}],"collection":[{"href":"https:\/\/aemarvao.edu.gov.pt\/site\/wp-json\/wp\/v2\/pages"}],"about":[{"href":"https:\/\/aemarvao.edu.gov.pt\/site\/wp-json\/wp\/v2\/types\/page"}],"author":[{"embeddable":true,"href":"https:\/\/aemarvao.edu.gov.pt\/site\/wp-json\/wp\/v2\/users\/1"}],"replies":[{"embeddable":true,"href":"https:\/\/aemarvao.edu.gov.pt\/site\/wp-json\/wp\/v2\/comments?post=414"}],"version-history":[{"count":7,"href":"https:\/\/aemarvao.edu.gov.pt\/site\/wp-json\/wp\/v2\/pages\/414\/revisions"}],"predecessor-version":[{"id":5297,"href":"https:\/\/aemarvao.edu.gov.pt\/site\/wp-json\/wp\/v2\/pages\/414\/revisions\/5297"}],"up":[{"embeddable":true,"href":"https:\/\/aemarvao.edu.gov.pt\/site\/wp-json\/wp\/v2\/pages\/397"}],"wp:attachment":[{"href":"https:\/\/aemarvao.edu.gov.pt\/site\/wp-json\/wp\/v2\/media?parent=414"}],"curies":[{"name":"wp","href":"https:\/\/api.w.org\/{rel}","templated":true}]}}