{"id":406,"date":"2017-03-20T11:59:36","date_gmt":"2017-03-20T11:59:36","guid":{"rendered":"http:\/\/www.aemarvao.pt\/site\/?page_id=406"},"modified":"2025-09-24T16:19:07","modified_gmt":"2025-09-24T16:19:07","slug":"giases-pes","status":"publish","type":"page","link":"https:\/\/aemarvao.edu.gov.pt\/site\/projetos\/giases-pes\/","title":{"rendered":"GIASES\/PES"},"content":{"rendered":"<p style=\"text-align: center;\"><strong>Gabinete de Informa\u00e7\u00e3o e Apoio \u00e0 Sa\u00fade e \u00e0 Educa\u00e7\u00e3o Sexual<\/strong><\/p>\n<p align=\"justify\">Equipa de trabalho que desenvolve a promo\u00e7\u00e3o de uma postura saud\u00e1vel ao longo da vida.<\/p>\n<p style=\"text-align: center;\" align=\"justify\"><img loading=\"lazy\" class=\"alignnone size-full wp-image-407\" src=\"https:\/\/aemarvao.edu.gov.pt\/site\/wp-content\/uploads\/2017\/03\/GIASES.png\" alt=\"\" width=\"227\" height=\"260\" \/><\/p>\n<h3 style=\"text-align: center;\"><strong>Constitui\u00e7\u00e3o da equipa (2025\/2026):<\/strong><\/h3>\n<p style=\"text-align: center;\">\u00a0Maria Jo\u00e3o Vilela (Coordenadora) &#8211; Prof. 3.\u00ba CEB<br \/>\nAna Mafalda Faria &#8211; Prof. 3.\u00ba CEB<br \/>\nLiliana Santa &#8211; Psic\u00f3loga<\/p>\n","protected":false},"excerpt":{"rendered":"<p>Gabinete de Informa\u00e7\u00e3o e Apoio \u00e0 Sa\u00fade e \u00e0 Educa\u00e7\u00e3o Sexual Equipa de trabalho que desenvolve a promo\u00e7\u00e3o de uma postura saud\u00e1vel ao longo da vida. Constitui\u00e7\u00e3o da equipa (2025\/2026): \u00a0Maria Jo\u00e3o Vilela (Coordenadora) &#8211; Prof. 3.\u00ba CEB Ana Mafalda Faria &#8211; Prof. 3.\u00ba CEB Liliana Santa &#8211; Psic\u00f3loga<\/p>\n","protected":false},"author":1,"featured_media":0,"parent":397,"menu_order":0,"comment_status":"closed","ping_status":"closed","template":"","meta":[],"_links":{"self":[{"href":"https:\/\/aemarvao.edu.gov.pt\/site\/wp-json\/wp\/v2\/pages\/406"}],"collection":[{"href":"https:\/\/aemarvao.edu.gov.pt\/site\/wp-json\/wp\/v2\/pages"}],"about":[{"href":"https:\/\/aemarvao.edu.gov.pt\/site\/wp-json\/wp\/v2\/types\/page"}],"author":[{"embeddable":true,"href":"https:\/\/aemarvao.edu.gov.pt\/site\/wp-json\/wp\/v2\/users\/1"}],"replies":[{"embeddable":true,"href":"https:\/\/aemarvao.edu.gov.pt\/site\/wp-json\/wp\/v2\/comments?post=406"}],"version-history":[{"count":7,"href":"https:\/\/aemarvao.edu.gov.pt\/site\/wp-json\/wp\/v2\/pages\/406\/revisions"}],"predecessor-version":[{"id":5301,"href":"https:\/\/aemarvao.edu.gov.pt\/site\/wp-json\/wp\/v2\/pages\/406\/revisions\/5301"}],"up":[{"embeddable":true,"href":"https:\/\/aemarvao.edu.gov.pt\/site\/wp-json\/wp\/v2\/pages\/397"}],"wp:attachment":[{"href":"https:\/\/aemarvao.edu.gov.pt\/site\/wp-json\/wp\/v2\/media?parent=406"}],"curies":[{"name":"wp","href":"https:\/\/api.w.org\/{rel}","templated":true}]}}