{"id":402,"date":"2017-03-20T11:51:50","date_gmt":"2017-03-20T11:51:50","guid":{"rendered":"http:\/\/www.aemarvao.pt\/site\/?page_id=402"},"modified":"2025-09-24T16:15:16","modified_gmt":"2025-09-24T16:15:16","slug":"giaf","status":"publish","type":"page","link":"https:\/\/aemarvao.edu.gov.pt\/site\/projetos\/giaf\/","title":{"rendered":"GIAF"},"content":{"rendered":"<p style=\"text-align: center;\"><strong>Gabinete de Interven\u00e7\u00e3o para o Aluno e Fam\u00edlia<\/strong><\/p>\n<p align=\"justify\">Equipa de trabalho que tem como principal objetivo contribuir para o desenvolvimento harmonioso dos alunos nas dimens\u00f5es individual, familiar, escolar e social. O trabalho \u00e9 desenvolvido em estreita articula\u00e7\u00e3o com os servi\u00e7os e institui\u00e7\u00f5es da comunidade envolvente.<\/p>\n<h3 style=\"text-align: center;\"><strong>Constitui\u00e7\u00e3o da equipa (2025\/2026):<\/strong><\/h3>\n<p style=\"text-align: center;\">Isabel Junceiro (coordenadora) &#8211; Prof. 3.\u00ba CEF<span style=\"text-align: center;\"><br \/>\nAd\u00e9lia Farto &#8211; Prof. 3.\u00ba CEF<br \/>\nMaria Jo\u00e3o Vilela &#8211; Prof. 3.\u00ba CEF<br \/>\nMariana Matos &#8211; Assistente Social<\/span><\/p>\n","protected":false},"excerpt":{"rendered":"<p>Gabinete de Interven\u00e7\u00e3o para o Aluno e Fam\u00edlia Equipa de trabalho que tem como principal objetivo contribuir para o desenvolvimento harmonioso dos alunos nas dimens\u00f5es individual, familiar, escolar e social. O trabalho \u00e9 desenvolvido em estreita articula\u00e7\u00e3o com os servi\u00e7os e institui\u00e7\u00f5es da comunidade envolvente. Constitui\u00e7\u00e3o da equipa (2025\/2026): Isabel Junceiro (coordenadora) &#8211; Prof. 3.\u00ba &hellip; <\/p>\n<p class=\"link-more\"><a href=\"https:\/\/aemarvao.edu.gov.pt\/site\/projetos\/giaf\/\" class=\"more-link\">Continuar a ler <span class=\"screen-reader-text\">&#8220;GIAF&#8221;<\/span><\/a><\/p>\n","protected":false},"author":1,"featured_media":0,"parent":397,"menu_order":0,"comment_status":"closed","ping_status":"closed","template":"","meta":[],"_links":{"self":[{"href":"https:\/\/aemarvao.edu.gov.pt\/site\/wp-json\/wp\/v2\/pages\/402"}],"collection":[{"href":"https:\/\/aemarvao.edu.gov.pt\/site\/wp-json\/wp\/v2\/pages"}],"about":[{"href":"https:\/\/aemarvao.edu.gov.pt\/site\/wp-json\/wp\/v2\/types\/page"}],"author":[{"embeddable":true,"href":"https:\/\/aemarvao.edu.gov.pt\/site\/wp-json\/wp\/v2\/users\/1"}],"replies":[{"embeddable":true,"href":"https:\/\/aemarvao.edu.gov.pt\/site\/wp-json\/wp\/v2\/comments?post=402"}],"version-history":[{"count":11,"href":"https:\/\/aemarvao.edu.gov.pt\/site\/wp-json\/wp\/v2\/pages\/402\/revisions"}],"predecessor-version":[{"id":5300,"href":"https:\/\/aemarvao.edu.gov.pt\/site\/wp-json\/wp\/v2\/pages\/402\/revisions\/5300"}],"up":[{"embeddable":true,"href":"https:\/\/aemarvao.edu.gov.pt\/site\/wp-json\/wp\/v2\/pages\/397"}],"wp:attachment":[{"href":"https:\/\/aemarvao.edu.gov.pt\/site\/wp-json\/wp\/v2\/media?parent=402"}],"curies":[{"name":"wp","href":"https:\/\/api.w.org\/{rel}","templated":true}]}}