{"id":381,"date":"2017-03-20T11:06:10","date_gmt":"2017-03-20T11:06:10","guid":{"rendered":"http:\/\/www.aemarvao.pt\/site\/?page_id=381"},"modified":"2017-03-20T11:13:05","modified_gmt":"2017-03-20T11:13:05","slug":"legislacao","status":"publish","type":"page","link":"https:\/\/aemarvao.edu.gov.pt\/site\/alunosenc-educacao\/legislacao\/","title":{"rendered":"Legisla\u00e7\u00e3o"},"content":{"rendered":"<p align=\"justify\">Encontram-se aqui dispon\u00edveis em formato eletr\u00f3nico os documentos para visualiza\u00e7\u00e3o e download:<\/p>\n<p><img loading=\"lazy\" style=\"float: right;\" src=\"http:\/\/www.aemarvao.pt\/site\/wp-content\/uploads\/2017\/03\/documentos.png\" alt=\"\" width=\"260\" height=\"260\" class=\"alignnone size-full wp-image-382\" srcset=\"https:\/\/aemarvao.edu.gov.pt\/site\/wp-content\/uploads\/2017\/03\/documentos.png 260w, https:\/\/aemarvao.edu.gov.pt\/site\/wp-content\/uploads\/2017\/03\/documentos-150x150.png 150w, https:\/\/aemarvao.edu.gov.pt\/site\/wp-content\/uploads\/2017\/03\/documentos-100x100.png 100w\" sizes=\"(max-width: 260px) 100vw, 260px\" \/><\/p>\n<p><a href=\"http:\/\/www.aemarvao.pt\/site\/wp-content\/uploads\/2017\/03\/despacho_sobre_matriculas.pdf\" target=\"_blank\">Despacho sobre Matr\u00edculas<\/a><br \/>\n<br \/>\n<a href=\"http:\/\/www.aemarvao.pt\/site\/wp-content\/uploads\/2017\/03\/Estatuto_do_Aluno_e_Etica_Escolar.pdf\" target=\"_blank\">Estatuto do Aluno e \u00c9tica Escolar<\/a><br \/>\n<br \/>\n<a href=\"http:\/\/www.aemarvao.pt\/site\/wp-content\/uploads\/2017\/03\/Regulamento_do_Seguro_Escolar.pdf\" target=\"_blank\">Regulamento do Seguro Escolar<\/a><\/p>\n","protected":false},"excerpt":{"rendered":"<p>Encontram-se aqui dispon\u00edveis em formato eletr\u00f3nico os documentos para visualiza\u00e7\u00e3o e download: Despacho sobre Matr\u00edculas Estatuto do Aluno e \u00c9tica Escolar Regulamento do Seguro Escolar<\/p>\n","protected":false},"author":1,"featured_media":0,"parent":263,"menu_order":0,"comment_status":"closed","ping_status":"closed","template":"","meta":[],"_links":{"self":[{"href":"https:\/\/aemarvao.edu.gov.pt\/site\/wp-json\/wp\/v2\/pages\/381"}],"collection":[{"href":"https:\/\/aemarvao.edu.gov.pt\/site\/wp-json\/wp\/v2\/pages"}],"about":[{"href":"https:\/\/aemarvao.edu.gov.pt\/site\/wp-json\/wp\/v2\/types\/page"}],"author":[{"embeddable":true,"href":"https:\/\/aemarvao.edu.gov.pt\/site\/wp-json\/wp\/v2\/users\/1"}],"replies":[{"embeddable":true,"href":"https:\/\/aemarvao.edu.gov.pt\/site\/wp-json\/wp\/v2\/comments?post=381"}],"version-history":[{"count":6,"href":"https:\/\/aemarvao.edu.gov.pt\/site\/wp-json\/wp\/v2\/pages\/381\/revisions"}],"predecessor-version":[{"id":392,"href":"https:\/\/aemarvao.edu.gov.pt\/site\/wp-json\/wp\/v2\/pages\/381\/revisions\/392"}],"up":[{"embeddable":true,"href":"https:\/\/aemarvao.edu.gov.pt\/site\/wp-json\/wp\/v2\/pages\/263"}],"wp:attachment":[{"href":"https:\/\/aemarvao.edu.gov.pt\/site\/wp-json\/wp\/v2\/media?parent=381"}],"curies":[{"name":"wp","href":"https:\/\/api.w.org\/{rel}","templated":true}]}}