{"id":372,"date":"2017-03-20T10:41:34","date_gmt":"2017-03-20T10:41:34","guid":{"rendered":"http:\/\/www.aemarvao.pt\/site\/?page_id=372"},"modified":"2024-11-04T09:41:45","modified_gmt":"2024-11-04T09:41:45","slug":"conteudos-programaticos","status":"publish","type":"page","link":"https:\/\/aemarvao.edu.gov.pt\/site\/alunosenc-educacao\/conteudos-programaticos\/","title":{"rendered":"Crit\u00e9rios Espec\u00edficos de Avalia\u00e7\u00e3o"},"content":{"rendered":"<p style=\"text-align: center;\"><strong>Ano letivo 2024\/2025<\/strong><\/p>\n<p style=\"text-align: justify;\"><span style=\"color: #ff6600;\"><strong style=\"color: #ff6600; text-align: justify;\"><span style=\"font-family: Titillium, Arial, sans-serif; font-size: 18px; line-height: 28.8px;\">Pr\u00e9-Escolar<\/span><\/strong><\/span><\/p>\n<p><a href=\"https:\/\/aemarvao.edu.gov.pt\/site\/wp-content\/uploads\/2024\/10\/PRE.pdf\">Crit\u00e9rios Espec\u00edficos<\/a><\/p>\n<p style=\"text-align: justify;\"><span style=\"color: #ff6600;\"><strong><span style=\"font-family: Titillium, Arial, sans-serif; font-size: 18px; line-height: 28.8px;\">1\u00baCiclo<\/span><\/strong><\/span><\/p>\n<p style=\"text-align: justify; margin-left: 60px;\"><strong>1.\u00baAno<\/strong><\/p>\n<p style=\"text-align: justify; margin-left: 90px;\">|\u00a0 <a href=\"https:\/\/aemarvao.edu.gov.pt\/site\/wp-content\/uploads\/2024\/10\/portugues_1_ano.pdf\" target=\"_blank\" rel=\"noopener\">Portugu\u00eas<\/a> \u00a0| \u00a0<a href=\"https:\/\/aemarvao.edu.gov.pt\/site\/wp-content\/uploads\/2024\/10\/matematica_1_ano.pdf\" target=\"_blank\" rel=\"noopener\">Matem\u00e1tica<\/a> \u00a0| \u00a0<a href=\"https:\/\/aemarvao.edu.gov.pt\/site\/wp-content\/uploads\/2024\/10\/estudo_meio_1_ano.pdf\" target=\"_blank\" rel=\"noopener\">Estudo do Meio<\/a>\u00a0 |\u00a0\u00a0<a href=\"https:\/\/aemarvao.edu.gov.pt\/site\/wp-content\/uploads\/2024\/10\/Oficina-de-Escrita-Criativa_1_ciclo.pdf\">Oferta Escrita Criativa<\/a>\u00a0 |\u00a0 <a href=\"https:\/\/aemarvao.edu.gov.pt\/site\/wp-content\/uploads\/2024\/10\/teatro_1ciclo.pdf\" target=\"_blank\" rel=\"noopener\">Teatro<\/a>\u00a0 | \u00a0<a href=\"https:\/\/aemarvao.edu.gov.pt\/site\/wp-content\/uploads\/2024\/10\/musica_1_ciclo.pdf\" target=\"_blank\" rel=\"noopener\">M\u00fasica<\/a>\u00a0 | \u00a0<a href=\"https:\/\/aemarvao.edu.gov.pt\/site\/wp-content\/uploads\/2024\/10\/Artes-Visuais_1_ciclo.pdf\" target=\"_blank\" rel=\"noopener\">Artes Visuais<\/a>\u00a0 | \u00a0<a href=\"https:\/\/aemarvao.edu.gov.pt\/site\/wp-content\/uploads\/2024\/11\/Educacao_fisica_1e2anos.pdf\" target=\"_blank\" rel=\"noopener\">Edu. F\u00edsica<\/a>\u00a0 | \u00a0<a href=\"https:\/\/aemarvao.edu.gov.pt\/site\/wp-content\/uploads\/2024\/10\/danca_1_ciclo.pdf\" target=\"_blank\" rel=\"noopener\">Dan\u00e7a<\/a><\/p>\n<p style=\"text-align: justify; margin-left: 60px;\"><strong>2.\u00baAno<\/strong><\/p>\n<p style=\"text-align: justify; margin-left: 90px;\">| \u00a0<a href=\"https:\/\/aemarvao.edu.gov.pt\/site\/wp-content\/uploads\/2024\/10\/portugues_2_ano.pdf\" target=\"_blank\" rel=\"noopener\">Portugu\u00eas<\/a> \u00a0| \u00a0<a href=\"https:\/\/aemarvao.edu.gov.pt\/site\/wp-content\/uploads\/2024\/10\/matematica_2_ano.pdf\" target=\"_blank\" rel=\"noopener\">Matem\u00e1tica<\/a> \u00a0| \u00a0<a href=\"https:\/\/aemarvao.edu.gov.pt\/site\/wp-content\/uploads\/2024\/10\/estudo_meio_2_ano.pdf\" target=\"_blank\" rel=\"noopener\">Estudo do Meio<\/a>\u00a0 | \u00a0<a href=\"https:\/\/aemarvao.edu.gov.pt\/site\/wp-content\/uploads\/2024\/10\/Oficina-de-Escrita-Criativa_1_ciclo.pdf\">Oferta Escrita Criativa<\/a>\u00a0 | \u00a0<a href=\"https:\/\/aemarvao.edu.gov.pt\/site\/wp-content\/uploads\/2024\/10\/teatro_1ciclo.pdf\" target=\"_blank\" rel=\"noopener\">Teatro<\/a>\u00a0 | \u00a0<a href=\"https:\/\/aemarvao.edu.gov.pt\/site\/wp-content\/uploads\/2024\/10\/musica_1_ciclo.pdf\" target=\"_blank\" rel=\"noopener\">M\u00fasica<\/a>\u00a0 | \u00a0<a href=\"https:\/\/aemarvao.edu.gov.pt\/site\/wp-content\/uploads\/2024\/10\/Artes-Visuais_1_ciclo.pdf\" target=\"_blank\" rel=\"noopener\">Artes Visuais<\/a>\u00a0 | \u00a0<a href=\"https:\/\/aemarvao.edu.gov.pt\/site\/wp-content\/uploads\/2024\/11\/Educacao_fisica_1e2anos.pdf\" target=\"_blank\" rel=\"noopener\">Edu. F\u00edsica<\/a>\u00a0 | \u00a0<a href=\"https:\/\/aemarvao.edu.gov.pt\/site\/wp-content\/uploads\/2024\/10\/danca_1_ciclo.pdf\" target=\"_blank\" rel=\"noopener\">Dan\u00e7a<\/a><\/p>\n<p style=\"margin-left: 60px;\">\u00a0<strong>3.\u00baAno<\/strong><\/p>\n<p style=\"text-align: justify; margin-left: 90px;\">| \u00a0<a href=\"https:\/\/aemarvao.edu.gov.pt\/site\/wp-content\/uploads\/2024\/11\/portugues_3_ano.pdf\">Portugu\u00eas<\/a> \u00a0| \u00a0<a href=\"https:\/\/aemarvao.edu.gov.pt\/site\/wp-content\/uploads\/2024\/10\/matematica_3_ano.pdf\">Matem\u00e1tica<\/a> \u00a0| \u00a0<a href=\"https:\/\/aemarvao.edu.gov.pt\/site\/wp-content\/uploads\/2024\/10\/estudo_meio_3_ano.pdf\">Estudo do Meio<\/a> \u00a0| \u00a0<a href=\"https:\/\/aemarvao.edu.gov.pt\/site\/wp-content\/uploads\/2024\/10\/Oficina-de-Escrita-Criativa_1_ciclo.pdf\">Oferta Escrita Criativa<\/a>\u00a0 |\u00a0 <a href=\"https:\/\/aemarvao.edu.gov.pt\/site\/wp-content\/uploads\/2024\/10\/teatro_1ciclo.pdf\" target=\"_blank\" rel=\"noopener\">Teatro<\/a>\u00a0 |\u00a0 <a href=\"https:\/\/aemarvao.edu.gov.pt\/site\/wp-content\/uploads\/2024\/10\/musica_1_ciclo.pdf\" target=\"_blank\" rel=\"noopener\">M\u00fasica<\/a>\u00a0 | \u00a0<a href=\"https:\/\/aemarvao.edu.gov.pt\/site\/wp-content\/uploads\/2024\/10\/Artes-Visuais_1_ciclo.pdf\" target=\"_blank\" rel=\"noopener\">Artes Visuais<\/a>\u00a0 | \u00a0<a href=\"https:\/\/aemarvao.edu.gov.pt\/site\/wp-content\/uploads\/2024\/10\/Educacao_fisica_3e4anos.pdf\">Edu. F\u00edsica<\/a>\u00a0 | \u00a0<a href=\"https:\/\/aemarvao.edu.gov.pt\/site\/wp-content\/uploads\/2024\/10\/danca_1_ciclo.pdf\" target=\"_blank\" rel=\"noopener\">Dan\u00e7a<\/a>\u00a0 <span style=\"text-align: justify;\">| \u00a0<\/span><a href=\"https:\/\/aemarvao.edu.gov.pt\/site\/wp-content\/uploads\/2024\/10\/ing_1_ciclo.pdf\" target=\"_blank\" rel=\"noopener\">Ingl\u00eas<\/a><\/p>\n<p style=\"margin-left: 60px;\">\u00a0<strong>4\u00baAno\u00a0<\/strong><\/p>\n<p style=\"text-align: justify; margin-left: 90px;\">| \u00a0<a href=\"https:\/\/aemarvao.edu.gov.pt\/site\/wp-content\/uploads\/2024\/10\/portugues_4_ano.pdf\">Portugu\u00eas<\/a> \u00a0| \u00a0<a href=\"https:\/\/aemarvao.edu.gov.pt\/site\/wp-content\/uploads\/2024\/10\/matematica_4_ano.pdf\">Matem\u00e1tica<\/a> \u00a0| \u00a0<a href=\"https:\/\/aemarvao.edu.gov.pt\/site\/wp-content\/uploads\/2024\/10\/estudo_meio_4_ano.pdf\">Estudo do Meio<\/a>\u00a0 | \u00a0<a href=\"https:\/\/aemarvao.edu.gov.pt\/site\/wp-content\/uploads\/2024\/10\/Oficina-de-Escrita-Criativa_1_ciclo.pdf\">Oferta Escrita Criativa<\/a>\u00a0 |\u00a0 <a href=\"https:\/\/aemarvao.edu.gov.pt\/site\/wp-content\/uploads\/2024\/10\/teatro_1ciclo.pdf\" target=\"_blank\" rel=\"noopener\">Teatro<\/a>\u00a0 | \u00a0<a href=\"https:\/\/aemarvao.edu.gov.pt\/site\/wp-content\/uploads\/2024\/10\/musica_1_ciclo.pdf\" target=\"_blank\" rel=\"noopener\">M\u00fasica<\/a>\u00a0 | \u00a0<a href=\"https:\/\/aemarvao.edu.gov.pt\/site\/wp-content\/uploads\/2024\/10\/Artes-Visuais_1_ciclo.pdf\" target=\"_blank\" rel=\"noopener\">Artes Visuais<\/a>\u00a0 | \u00a0<a href=\"https:\/\/aemarvao.edu.gov.pt\/site\/wp-content\/uploads\/2024\/10\/Educacao_fisica_3e4anos.pdf\">Edu. F\u00edsica<\/a> \u00a0<span style=\"text-align: justify;\">|\u00a0 <a href=\"https:\/\/aemarvao.edu.gov.pt\/site\/wp-content\/uploads\/2024\/10\/danca_1_ciclo.pdf\" target=\"_blank\" rel=\"noopener\">Dan\u00e7a<\/a>\u00a0 |<\/span><span style=\"text-align: justify;\">\u00a0\u00a0<\/span><a href=\"https:\/\/aemarvao.edu.gov.pt\/site\/wp-content\/uploads\/2024\/10\/ing_1_ciclo.pdf\" target=\"_blank\" rel=\"noopener\">Ingl\u00eas<\/a><\/p>\n<p style=\"text-align: justify;\"><span style=\"color: #ff6600;\"><strong><span style=\"font-family: Titillium, Arial, sans-serif; font-size: 18px; line-height: 28.8px;\">2\u00baCiclo<\/span><\/strong><\/span><\/p>\n<p style=\"text-align: justify; margin-left: 30px;\"><span style=\"color: #666666; font-family: Titillium, Arial, sans-serif; font-size: 18px; line-height: 28.8px;\">5\u00ba Ano\u00a0<\/span><\/p>\n<p style=\"text-align: justify; margin-left: 60px;\">| \u00a0<a href=\"https:\/\/aemarvao.edu.gov.pt\/site\/wp-content\/uploads\/2024\/10\/port_2_ciclo.pdf\" target=\"_blank\" rel=\"noopener\">Port.<\/a> \u00a0| \u00a0<a href=\"https:\/\/aemarvao.edu.gov.pt\/site\/wp-content\/uploads\/2024\/10\/ing_2_ciclo.pdf\">Ing.<\/a> \u00a0| \u00a0<a href=\"https:\/\/aemarvao.edu.gov.pt\/site\/wp-content\/uploads\/2024\/10\/hgp_2_ciclo.pdf\" target=\"_blank\" rel=\"noopener\">HGP.<\/a> \u00a0| \u00a0<a href=\"https:\/\/aemarvao.edu.gov.pt\/site\/wp-content\/uploads\/2024\/10\/mat_2_3_ciclo.pdf\" target=\"_blank\" rel=\"noopener\">Mat.<\/a> \u00a0| \u00a0<a href=\"https:\/\/aemarvao.edu.gov.pt\/site\/wp-content\/uploads\/2024\/10\/cn_2_ciclo.pdf\">CN.<\/a>\u00a0 | \u00a0<a href=\"https:\/\/aemarvao.edu.gov.pt\/site\/wp-content\/uploads\/2024\/10\/ev_2_ciclo.pdf\" target=\"_blank\" rel=\"noopener\">EV.<\/a> \u00a0|\u00a0 <a href=\"https:\/\/aemarvao.edu.gov.pt\/site\/wp-content\/uploads\/2024\/10\/et_2_ciclo.pdf\" target=\"_blank\" rel=\"noopener\">ET.<\/a> \u00a0| \u00a0<a href=\"https:\/\/aemarvao.edu.gov.pt\/site\/wp-content\/uploads\/2024\/10\/mus_5_ano.pdf\">EDM.<\/a> \u00a0| \u00a0<a href=\"https:\/\/aemarvao.edu.gov.pt\/site\/wp-content\/uploads\/2024\/10\/ef_5_ano.pdf\" target=\"_blank\" rel=\"noopener\">EDF.<\/a>\u00a0 | \u00a0<a href=\"https:\/\/aemarvao.edu.gov.pt\/site\/wp-content\/uploads\/2024\/10\/tic_2_ciclo.pdf\" target=\"_blank\" rel=\"noopener\">TIC<\/a>\u00a0 |<\/p>\n<p style=\"text-align: justify; margin-left: 30px;\"><span style=\"color: #666666; font-family: Titillium, Arial, sans-serif; font-size: 18px; line-height: 28.8px;\">6\u00ba Ano\u00a0<\/span><\/p>\n<p style=\"text-align: justify; margin-left: 60px;\">|\u00a0 <a href=\"https:\/\/aemarvao.edu.gov.pt\/site\/wp-content\/uploads\/2024\/10\/port_2_ciclo.pdf\" target=\"_blank\" rel=\"noopener\">Port.<\/a> \u00a0| \u00a0<a href=\"https:\/\/aemarvao.edu.gov.pt\/site\/wp-content\/uploads\/2024\/10\/ing_2_ciclo.pdf\" target=\"_blank\" rel=\"noopener\">Ing.<\/a> \u00a0| \u00a0<a href=\"https:\/\/aemarvao.edu.gov.pt\/site\/wp-content\/uploads\/2024\/10\/hgp_2_ciclo.pdf\" target=\"_blank\" rel=\"noopener\">HGP.<\/a> \u00a0| \u00a0<a href=\"https:\/\/aemarvao.edu.gov.pt\/site\/wp-content\/uploads\/2024\/10\/mat_2_3_ciclo.pdf\" target=\"_blank\" rel=\"noopener\">Mat.<\/a> \u00a0| \u00a0<a href=\"https:\/\/aemarvao.edu.gov.pt\/site\/wp-content\/uploads\/2024\/10\/cn_2_ciclo.pdf\" target=\"_blank\" rel=\"noopener\">CN.<\/a> \u00a0| \u00a0<a href=\"https:\/\/aemarvao.edu.gov.pt\/site\/wp-content\/uploads\/2024\/10\/ev_2_ciclo.pdf\" target=\"_blank\" rel=\"noopener\">EV.<\/a>\u00a0 | \u00a0<a href=\"https:\/\/aemarvao.edu.gov.pt\/site\/wp-content\/uploads\/2024\/10\/et_2_ciclo.pdf\" target=\"_blank\" rel=\"noopener\">ET.<\/a> \u00a0| \u00a0<a href=\"https:\/\/aemarvao.edu.gov.pt\/site\/wp-content\/uploads\/2024\/10\/mus_6_ano.pdf\">EDM.<\/a> \u00a0| \u00a0<a href=\"https:\/\/aemarvao.edu.gov.pt\/site\/wp-content\/uploads\/2024\/10\/ef_6_ano.pdf\" target=\"_blank\" rel=\"noopener\">EDF.<\/a>\u00a0 | \u00a0<a href=\"https:\/\/aemarvao.edu.gov.pt\/site\/wp-content\/uploads\/2024\/10\/tic_2_ciclo.pdf\" target=\"_blank\" rel=\"noopener\">TIC<\/a>\u00a0 |<\/p>\n<p style=\"text-align: justify;\"><span style=\"color: #ff6600;\"><strong><span style=\"font-family: Titillium, Arial, sans-serif; font-size: 18px; line-height: 28.8px;\">3\u00baCiclo<\/span><\/strong><\/span><\/p>\n<p style=\"text-align: justify; margin-left: 30px;\"><span style=\"color: #666666; font-family: Titillium, Arial, sans-serif; font-size: 18px; line-height: 28.8px;\">7\u00ba Ano<\/span><\/p>\n<p style=\"text-align: justify; margin-left: 60px;\">| \u00a0<a href=\"https:\/\/aemarvao.edu.gov.pt\/site\/wp-content\/uploads\/2024\/10\/port_3_ciclo.pdf\" target=\"_blank\" rel=\"noopener\">Port.<\/a> \u00a0| \u00a0<a href=\"https:\/\/aemarvao.edu.gov.pt\/site\/wp-content\/uploads\/2024\/10\/ing_3_ciclo.pdf\" target=\"_blank\" rel=\"noopener\">Ing.<\/a> \u00a0| \u00a0<a href=\"https:\/\/aemarvao.edu.gov.pt\/site\/wp-content\/uploads\/2024\/10\/esp_3_ciclo.pdf\" target=\"_blank\" rel=\"noopener\">Esp.<\/a> \u00a0| \u00a0<a href=\"https:\/\/aemarvao.edu.gov.pt\/site\/wp-content\/uploads\/2024\/10\/hist_3_ciclo.pdf\" target=\"_blank\" rel=\"noopener\">His.<\/a> \u00a0| \u00a0<a href=\"https:\/\/aemarvao.edu.gov.pt\/site\/wp-content\/uploads\/2024\/10\/mat_2_3_ciclo.pdf\" target=\"_blank\" rel=\"noopener\">Mat.<\/a> \u00a0| \u00a0<a href=\"https:\/\/aemarvao.edu.gov.pt\/site\/wp-content\/uploads\/2024\/10\/geo_3_ciclo.pdf\" target=\"_blank\" rel=\"noopener\">Geo.<\/a> \u00a0| \u00a0<a href=\"https:\/\/aemarvao.edu.gov.pt\/site\/wp-content\/uploads\/2024\/10\/fq_3_ciclo.pdf\" target=\"_blank\" rel=\"noopener\">FQ.<\/a> \u00a0| \u00a0<a href=\"https:\/\/aemarvao.edu.gov.pt\/site\/wp-content\/uploads\/2024\/10\/cn_3_ciclo.pdf\" target=\"_blank\" rel=\"noopener\">CN.<\/a> \u00a0| \u00a0<a href=\"https:\/\/aemarvao.edu.gov.pt\/site\/wp-content\/uploads\/2024\/10\/ev_3_ciclo.pdf\" target=\"_blank\" rel=\"noopener\">EDV.<\/a>\u00a0 <span style=\"text-align: justify;\">| <\/span>\u00a0<a href=\"https:\/\/aemarvao.edu.gov.pt\/site\/wp-content\/uploads\/2024\/10\/mus_7_ano.pdf\">MUS.<\/a> \u00a0| \u00a0<a href=\"https:\/\/aemarvao.edu.gov.pt\/site\/wp-content\/uploads\/2024\/10\/tic_3_ciclo.pdf\" target=\"_blank\" rel=\"noopener\">TIC.<\/a> \u00a0| \u00a0<a href=\"https:\/\/aemarvao.edu.gov.pt\/site\/wp-content\/uploads\/2024\/10\/ef_7_ano.pdf\" target=\"_blank\" rel=\"noopener\">EDF.<\/a><\/p>\n<p style=\"text-align: justify; margin-left: 30px;\"><span style=\"color: #666666; font-family: Titillium, Arial, sans-serif; font-size: 18px; line-height: 28.8px;\">8\u00ba Ano<\/span><\/p>\n<p style=\"text-align: justify; margin-left: 60px;\">| \u00a0<a href=\"https:\/\/aemarvao.edu.gov.pt\/site\/wp-content\/uploads\/2024\/10\/port_3_ciclo.pdf\" target=\"_blank\" rel=\"noopener\">Port.<\/a> \u00a0| \u00a0<a href=\"https:\/\/aemarvao.edu.gov.pt\/site\/wp-content\/uploads\/2024\/10\/ing_3_ciclo.pdf\" target=\"_blank\" rel=\"noopener\">Ing.<\/a> \u00a0| \u00a0<a href=\"https:\/\/aemarvao.edu.gov.pt\/site\/wp-content\/uploads\/2024\/10\/esp_3_ciclo.pdf\" target=\"_blank\" rel=\"noopener\">Esp.<\/a> \u00a0| \u00a0<a href=\"https:\/\/aemarvao.edu.gov.pt\/site\/wp-content\/uploads\/2024\/10\/hist_3_ciclo.pdf\" target=\"_blank\" rel=\"noopener\">His.<\/a> \u00a0| \u00a0<a href=\"https:\/\/aemarvao.edu.gov.pt\/site\/wp-content\/uploads\/2024\/10\/mat_2_3_ciclo.pdf\" target=\"_blank\" rel=\"noopener\">Mat.<\/a> \u00a0| \u00a0<a href=\"https:\/\/aemarvao.edu.gov.pt\/site\/wp-content\/uploads\/2024\/10\/geo_3_ciclo.pdf\" target=\"_blank\" rel=\"noopener\">Geo.<\/a> \u00a0| \u00a0<a href=\"https:\/\/aemarvao.edu.gov.pt\/site\/wp-content\/uploads\/2024\/10\/fq_3_ciclo.pdf\" target=\"_blank\" rel=\"noopener\">FQ.<\/a> \u00a0| \u00a0<a href=\"https:\/\/aemarvao.edu.gov.pt\/site\/wp-content\/uploads\/2024\/10\/cn_3_ciclo.pdf\" target=\"_blank\" rel=\"noopener\">CN.<\/a> \u00a0| \u00a0<a href=\"https:\/\/aemarvao.edu.gov.pt\/site\/wp-content\/uploads\/2024\/10\/ev_3_ciclo.pdf\" target=\"_blank\" rel=\"noopener\">EDV.<\/a> \u00a0<span style=\"text-align: justify;\">|\u00a0<\/span> <a href=\"https:\/\/aemarvao.edu.gov.pt\/site\/wp-content\/uploads\/2024\/10\/et_3_ciclo.pdf\" target=\"_blank\" rel=\"noopener\">ET.<\/a>\u00a0\u00a0| \u00a0<a href=\"https:\/\/aemarvao.edu.gov.pt\/site\/wp-content\/uploads\/2024\/10\/tic_3_ciclo.pdf\" target=\"_blank\" rel=\"noopener\">TIC.<\/a> \u00a0| \u00a0<a href=\"https:\/\/aemarvao.edu.gov.pt\/site\/wp-content\/uploads\/2024\/10\/ef_8_ano.pdf\" target=\"_blank\" rel=\"noopener\">EDF.<\/a><\/p>\n<p style=\"text-align: justify; margin-left: 30px;\"><span style=\"color: #666666; font-family: Titillium, Arial, sans-serif; font-size: 18px; line-height: 28.8px;\">9\u00ba Ano<\/span><\/p>\n<p style=\"text-align: justify; margin-left: 60px;\">| \u00a0<a href=\"https:\/\/aemarvao.edu.gov.pt\/site\/wp-content\/uploads\/2024\/10\/port_3_ciclo.pdf\" target=\"_blank\" rel=\"noopener\">Port.<\/a> \u00a0| \u00a0<a href=\"https:\/\/aemarvao.edu.gov.pt\/site\/wp-content\/uploads\/2024\/10\/ing_3_ciclo.pdf\" target=\"_blank\" rel=\"noopener\">Ing.<\/a> \u00a0| \u00a0<a href=\"https:\/\/aemarvao.edu.gov.pt\/site\/wp-content\/uploads\/2024\/10\/esp_3_ciclo.pdf\" target=\"_blank\" rel=\"noopener\">Esp.<\/a>\u00a0\u00a0| \u00a0<a href=\"https:\/\/aemarvao.edu.gov.pt\/site\/wp-content\/uploads\/2024\/10\/hist_3_ciclo.pdf\" target=\"_blank\" rel=\"noopener\">His.<\/a> \u00a0| \u00a0<a href=\"https:\/\/aemarvao.edu.gov.pt\/site\/wp-content\/uploads\/2024\/10\/mat_2_3_ciclo.pdf\" target=\"_blank\" rel=\"noopener\">Mat.<\/a>\u00a0 |\u00a0 <a href=\"https:\/\/aemarvao.edu.gov.pt\/site\/wp-content\/uploads\/2024\/10\/geo_3_ciclo.pdf\" target=\"_blank\" rel=\"noopener\">Geo.<\/a>\u00a0 | \u00a0<a href=\"https:\/\/aemarvao.edu.gov.pt\/site\/wp-content\/uploads\/2024\/10\/fq_3_ciclo.pdf\" target=\"_blank\" rel=\"noopener\">FQ.<\/a> \u00a0|\u00a0 <a href=\"https:\/\/aemarvao.edu.gov.pt\/site\/wp-content\/uploads\/2024\/10\/cn_3_ciclo.pdf\" target=\"_blank\" rel=\"noopener\">CN.<\/a>\u00a0 | \u00a0<a href=\"https:\/\/aemarvao.edu.gov.pt\/site\/wp-content\/uploads\/2024\/10\/ev_3_ciclo.pdf\" target=\"_blank\" rel=\"noopener\">EDV.<\/a> \u00a0| \u00a0<a href=\"https:\/\/aemarvao.edu.gov.pt\/site\/wp-content\/uploads\/2024\/10\/et_3_ciclo.pdf\" target=\"_blank\" rel=\"noopener\">ET.<\/a>\u00a0 | \u00a0<a href=\"https:\/\/aemarvao.edu.gov.pt\/site\/wp-content\/uploads\/2024\/10\/tic_3_ciclo.pdf\" target=\"_blank\" rel=\"noopener\">TIC.<\/a>\u00a0 \u00a0| \u00a0<a href=\"https:\/\/aemarvao.edu.gov.pt\/site\/wp-content\/uploads\/2024\/10\/ef_9_ano.pdf\" target=\"_blank\" rel=\"noopener\">EDF.<\/a><\/p>\n","protected":false},"excerpt":{"rendered":"<p>Ano letivo 2024\/2025 Pr\u00e9-Escolar Crit\u00e9rios Espec\u00edficos 1\u00baCiclo 1.\u00baAno |\u00a0 Portugu\u00eas \u00a0| \u00a0Matem\u00e1tica \u00a0| \u00a0Estudo do Meio\u00a0 |\u00a0\u00a0Oferta Escrita Criativa\u00a0 |\u00a0 Teatro\u00a0 | \u00a0M\u00fasica\u00a0 | \u00a0Artes Visuais\u00a0 | \u00a0Edu. F\u00edsica\u00a0 | \u00a0Dan\u00e7a 2.\u00baAno | \u00a0Portugu\u00eas \u00a0| \u00a0Matem\u00e1tica \u00a0| \u00a0Estudo do Meio\u00a0 | \u00a0Oferta Escrita Criativa\u00a0 | \u00a0Teatro\u00a0 | \u00a0M\u00fasica\u00a0 | \u00a0Artes Visuais\u00a0 | \u00a0Edu. F\u00edsica\u00a0 | &hellip; <\/p>\n<p class=\"link-more\"><a href=\"https:\/\/aemarvao.edu.gov.pt\/site\/alunosenc-educacao\/conteudos-programaticos\/\" class=\"more-link\">Continuar a ler <span class=\"screen-reader-text\">&#8220;Crit\u00e9rios Espec\u00edficos de Avalia\u00e7\u00e3o&#8221;<\/span><\/a><\/p>\n","protected":false},"author":1,"featured_media":0,"parent":263,"menu_order":0,"comment_status":"closed","ping_status":"closed","template":"","meta":[],"_links":{"self":[{"href":"https:\/\/aemarvao.edu.gov.pt\/site\/wp-json\/wp\/v2\/pages\/372"}],"collection":[{"href":"https:\/\/aemarvao.edu.gov.pt\/site\/wp-json\/wp\/v2\/pages"}],"about":[{"href":"https:\/\/aemarvao.edu.gov.pt\/site\/wp-json\/wp\/v2\/types\/page"}],"author":[{"embeddable":true,"href":"https:\/\/aemarvao.edu.gov.pt\/site\/wp-json\/wp\/v2\/users\/1"}],"replies":[{"embeddable":true,"href":"https:\/\/aemarvao.edu.gov.pt\/site\/wp-json\/wp\/v2\/comments?post=372"}],"version-history":[{"count":244,"href":"https:\/\/aemarvao.edu.gov.pt\/site\/wp-json\/wp\/v2\/pages\/372\/revisions"}],"predecessor-version":[{"id":4950,"href":"https:\/\/aemarvao.edu.gov.pt\/site\/wp-json\/wp\/v2\/pages\/372\/revisions\/4950"}],"up":[{"embeddable":true,"href":"https:\/\/aemarvao.edu.gov.pt\/site\/wp-json\/wp\/v2\/pages\/263"}],"wp:attachment":[{"href":"https:\/\/aemarvao.edu.gov.pt\/site\/wp-json\/wp\/v2\/media?parent=372"}],"curies":[{"name":"wp","href":"https:\/\/api.w.org\/{rel}","templated":true}]}}