{"id":358,"date":"2017-03-20T10:16:39","date_gmt":"2017-03-20T10:16:39","guid":{"rendered":"http:\/\/www.aemarvao.pt\/site\/?page_id=358"},"modified":"2018-09-10T22:24:58","modified_gmt":"2018-09-10T22:24:58","slug":"criterios-de-avaliacao","status":"publish","type":"page","link":"https:\/\/aemarvao.edu.gov.pt\/site\/alunosenc-educacao\/criterios-de-avaliacao\/","title":{"rendered":"Crit\u00e9rios de Avalia\u00e7\u00e3o"},"content":{"rendered":"<p style=\"text-align: center;\"><strong>Ano letivo 2018\/2019<\/strong><\/p>\n<p align=\"justify\">A avalia\u00e7\u00e3o \u00e9 parte integrante do processo ensino\/aprendizagem e ganhou na atualidade espa\u00e7o muito amplo nos processos de ensino. Requer preparo t\u00e9cnico e grande capacidade de observa\u00e7\u00e3o dos profissionais envolvidos.<\/p>\n<p align=\"justify\">Segundo Perrenoud (1999), a avalia\u00e7\u00e3o da aprendizagem, no novo paradigma, \u00e9 um processo mediador na constru\u00e7\u00e3o do curr\u00edculo e se encontra intimamente relacionada \u00e0 gest\u00e3o da aprendizagem dos alunos.<\/p>\n<p align=\"justify\"><span style=\"color: #ff6600;\"><strong><span style=\"font-family: Titillium, Arial, sans-serif; font-size: 18px; line-height: 28.8px;\">Crit\u00e9rios Gerais de Avalia\u00e7\u00e3o<\/span><\/strong><\/span><\/p>\n<p align=\"justify\">\u00a0 \u00a0 \u00a0 \u00a0 \u00a0 \u00a0 \u00a0 \u00a0 \u00a0 <a href=\"http:\/\/www.aemarvao.pt\/site\/wp-content\/uploads\/2017\/03\/criterios_gerais_2018_2019.pdf\" target=\"_blank\">Crit\u00e9rios Gerais\u00a0de Avalia\u00e7\u00e3o\u00a02018\/2019<\/a><\/p>\n<p style=\"text-align: justify;\"><span style=\"color: #ff6600;\"><strong><span style=\"font-family: Titillium, Arial, sans-serif; font-size: 18px; line-height: 28.8px;\">Pr\u00e9-Escolar<\/span><\/strong><\/span><\/p>\n<p style=\"text-align: justify; margin-left: 60px;\"><a href=\"http:\/\/www.aemarvao.pt\/site\/wp-content\/uploads\/2017\/03\/pre_escolar.pdf\" target=\"_blank\">Crit\u00e9rios Espec\u00edficos de Avalia\u00e7\u00e3o<\/a><\/p>\n<p style=\"text-align: justify;\"><span style=\"color: #ff6600;\"><strong><span style=\"font-family: Titillium, Arial, sans-serif; font-size: 18px; line-height: 28.8px;\">1\u00baCiclo<\/span><\/strong><\/span><\/p>\n<p style=\"text-align: justify; margin-left: 60px;\"><a href=\"http:\/\/www.aemarvao.pt\/site\/wp-content\/uploads\/2017\/03\/primeiro_ciclo.pdf\" target=\"_blank\">Crit\u00e9rios Espec\u00edficos de Avalia\u00e7\u00e3o<\/a><\/p>\n<p style=\"text-align: justify;\"><span style=\"color: #ff6600;\"><strong><span style=\"font-family: Titillium, Arial, sans-serif; font-size: 18px; line-height: 28.8px;\">Departamento de Matem\u00e1tica e Ci\u00eancias Experimentais<\/span><\/strong><\/span><\/p>\n<p style=\"text-align: justify; margin-left: 60px;\"><a href=\"http:\/\/www.aemarvao.pt\/site\/wp-content\/uploads\/2017\/03\/departamento_matematica.pdf\" target=\"_blank\">Crit\u00e9rios Especif\u00edcos de Avalia\u00e7\u00e3o<\/a><\/p>\n<p style=\"text-align: justify;\"><span style=\"color: #ff6600;\"><strong><span style=\"font-family: Titillium, Arial, sans-serif; font-size: 18px; line-height: 28.8px;\">Departamento de Ci\u00eancias Sociais e Humanas<\/span><\/strong><\/span><\/p>\n<p style=\"text-align: justify; margin-left: 60px;\">Crit\u00e9rios Espec\u00edficos de Avalia\u00e7\u00e3o<\/p>\n<p style=\"text-align: justify;\"><span style=\"color: #ff6600;\"><strong><span style=\"font-family: Titillium, Arial, sans-serif; font-size: 18px; line-height: 28.8px;\">Departamento de L\u00ednguas<\/span><\/strong><\/span><\/p>\n<p style=\"text-align: justify; margin-left: 60px;\"><a href=\"http:\/\/www.aemarvao.pt\/site\/wp-content\/uploads\/2017\/03\/departamento_linguas.pdf\" target=\"_blank\">Crit\u00e9rios Espec\u00edficos de Avalia\u00e7\u00e3o<\/a><\/p>\n<p>\u00a0<span style=\"color: #ff6600;\"><strong><span style=\"font-family: Titillium, Arial, sans-serif; font-size: 18px; line-height: 28.8px;\">Departamento de Express\u00f5es<\/span><\/strong><\/span><\/p>\n<p style=\"text-align: justify; margin-left: 60px;\"><a href=\"http:\/\/www.aemarvao.pt\/site\/wp-content\/uploads\/2017\/03\/expressoes.pdf\" target=\"_blank\">Crit\u00e9rios Espec\u00edficos de Avalia\u00e7\u00e3o<\/a><\/p>\n<p>&nbsp;<\/p>\n","protected":false},"excerpt":{"rendered":"<p>Ano letivo 2018\/2019 A avalia\u00e7\u00e3o \u00e9 parte integrante do processo ensino\/aprendizagem e ganhou na atualidade espa\u00e7o muito amplo nos processos de ensino. Requer preparo t\u00e9cnico e grande capacidade de observa\u00e7\u00e3o dos profissionais envolvidos. Segundo Perrenoud (1999), a avalia\u00e7\u00e3o da aprendizagem, no novo paradigma, \u00e9 um processo mediador na constru\u00e7\u00e3o do curr\u00edculo e se encontra intimamente &hellip; <\/p>\n<p class=\"link-more\"><a href=\"https:\/\/aemarvao.edu.gov.pt\/site\/alunosenc-educacao\/criterios-de-avaliacao\/\" class=\"more-link\">Continuar a ler <span class=\"screen-reader-text\">&#8220;Crit\u00e9rios de Avalia\u00e7\u00e3o&#8221;<\/span><\/a><\/p>\n","protected":false},"author":1,"featured_media":0,"parent":263,"menu_order":0,"comment_status":"closed","ping_status":"closed","template":"","meta":[],"_links":{"self":[{"href":"https:\/\/aemarvao.edu.gov.pt\/site\/wp-json\/wp\/v2\/pages\/358"}],"collection":[{"href":"https:\/\/aemarvao.edu.gov.pt\/site\/wp-json\/wp\/v2\/pages"}],"about":[{"href":"https:\/\/aemarvao.edu.gov.pt\/site\/wp-json\/wp\/v2\/types\/page"}],"author":[{"embeddable":true,"href":"https:\/\/aemarvao.edu.gov.pt\/site\/wp-json\/wp\/v2\/users\/1"}],"replies":[{"embeddable":true,"href":"https:\/\/aemarvao.edu.gov.pt\/site\/wp-json\/wp\/v2\/comments?post=358"}],"version-history":[{"count":10,"href":"https:\/\/aemarvao.edu.gov.pt\/site\/wp-json\/wp\/v2\/pages\/358\/revisions"}],"predecessor-version":[{"id":1189,"href":"https:\/\/aemarvao.edu.gov.pt\/site\/wp-json\/wp\/v2\/pages\/358\/revisions\/1189"}],"up":[{"embeddable":true,"href":"https:\/\/aemarvao.edu.gov.pt\/site\/wp-json\/wp\/v2\/pages\/263"}],"wp:attachment":[{"href":"https:\/\/aemarvao.edu.gov.pt\/site\/wp-json\/wp\/v2\/media?parent=358"}],"curies":[{"name":"wp","href":"https:\/\/api.w.org\/{rel}","templated":true}]}}