{"id":3468,"date":"2022-03-23T15:42:20","date_gmt":"2022-03-23T15:42:20","guid":{"rendered":"https:\/\/aemarvao.edu.gov.pt\/site\/?page_id=3468"},"modified":"2025-09-24T11:10:31","modified_gmt":"2025-09-24T11:10:31","slug":"caa","status":"publish","type":"page","link":"https:\/\/aemarvao.edu.gov.pt\/site\/caa\/","title":{"rendered":"CAA"},"content":{"rendered":"<p style=\"text-align: justify;\">O Decreto-Lei n\u00ba 54\/2018 de 6 de julho introduz altera\u00e7\u00f5es na forma como a escola e as estruturas de apoio se encontram organizadas, para a implementa\u00e7\u00e3o de medidas de suporte \u00e0 aprendizagem e \u00e0 inclus\u00e3o ao longo da escolaridade obrigat\u00f3ria. Cada agrupamento disp\u00f5e de um Centro de Apoio \u00e0 Aprendizagem (CAA) \u2013 uma estrutura de apoio din\u00e2mica, plural e agregadora dos recursos humanos e materiais, dos saberes e compet\u00eancias existentes na escola, valorizando, assim, os saberes e as experi\u00eancias de todos. Funcionando numa l\u00f3gica de servi\u00e7os de apoio, o centro de apoio \u00e0 aprendizagem, enquanto recurso organizacional, insere-se no continuum de respostas educativas disponibilizadas pela escola e organiza-se segundo dois eixos: (i) suporte aos docentes respons\u00e1veis pelos grupos ou turmas e (ii) complementaridade, com car\u00e1ter subsidi\u00e1rio, ao trabalho desenvolvido em sala de aula ou noutros contextos educativos.<\/p>\n<p><img loading=\"lazy\" class=\"alignnone size-full wp-image-3469\" src=\"https:\/\/aemarvao.edu.gov.pt\/site\/wp-content\/uploads\/2022\/03\/caa.png\" alt=\"\" width=\"813\" height=\"854\" srcset=\"https:\/\/aemarvao.edu.gov.pt\/site\/wp-content\/uploads\/2022\/03\/caa.png 813w, https:\/\/aemarvao.edu.gov.pt\/site\/wp-content\/uploads\/2022\/03\/caa-286x300.png 286w, https:\/\/aemarvao.edu.gov.pt\/site\/wp-content\/uploads\/2022\/03\/caa-768x807.png 768w\" sizes=\"(max-width: 706px) 89vw, (max-width: 767px) 82vw, 740px\" \/><\/p>\n<h3 style=\"text-align: center;\"><strong>Constitui\u00e7\u00e3o da equipa (2025\/2026):<\/strong><\/h3>\n<p style=\"text-align: center;\">\n\u00c1lvaro Baltazar<br \/>\nAna Faria<br \/>\nArtur Aleixo<br \/>\nCarla Carrilho<br \/>\nFernanda Mouro<br \/>\nJos\u00e9 Gr\u00e1cio<br \/>\nMaria Ad\u00e9lia Farto<br \/>\nMaria Jo\u00e3o Vilela<br \/>\nMaria Lacerda<br \/>\nPaula Morgado<br \/>\nRosa Cruz<br \/>\nSusana Guimar\u00e3es<br \/>\nTeresa Rosado<\/p>\n","protected":false},"excerpt":{"rendered":"<p>O Decreto-Lei n\u00ba 54\/2018 de 6 de julho introduz altera\u00e7\u00f5es na forma como a escola e as estruturas de apoio se encontram organizadas, para a implementa\u00e7\u00e3o de medidas de suporte \u00e0 aprendizagem e \u00e0 inclus\u00e3o ao longo da escolaridade obrigat\u00f3ria. Cada agrupamento disp\u00f5e de um Centro de Apoio \u00e0 Aprendizagem (CAA) \u2013 uma estrutura de &hellip; <\/p>\n<p class=\"link-more\"><a href=\"https:\/\/aemarvao.edu.gov.pt\/site\/caa\/\" class=\"more-link\">Continuar a ler <span class=\"screen-reader-text\">&#8220;CAA&#8221;<\/span><\/a><\/p>\n","protected":false},"author":1,"featured_media":0,"parent":0,"menu_order":0,"comment_status":"closed","ping_status":"closed","template":"","meta":[],"_links":{"self":[{"href":"https:\/\/aemarvao.edu.gov.pt\/site\/wp-json\/wp\/v2\/pages\/3468"}],"collection":[{"href":"https:\/\/aemarvao.edu.gov.pt\/site\/wp-json\/wp\/v2\/pages"}],"about":[{"href":"https:\/\/aemarvao.edu.gov.pt\/site\/wp-json\/wp\/v2\/types\/page"}],"author":[{"embeddable":true,"href":"https:\/\/aemarvao.edu.gov.pt\/site\/wp-json\/wp\/v2\/users\/1"}],"replies":[{"embeddable":true,"href":"https:\/\/aemarvao.edu.gov.pt\/site\/wp-json\/wp\/v2\/comments?post=3468"}],"version-history":[{"count":8,"href":"https:\/\/aemarvao.edu.gov.pt\/site\/wp-json\/wp\/v2\/pages\/3468\/revisions"}],"predecessor-version":[{"id":5280,"href":"https:\/\/aemarvao.edu.gov.pt\/site\/wp-json\/wp\/v2\/pages\/3468\/revisions\/5280"}],"wp:attachment":[{"href":"https:\/\/aemarvao.edu.gov.pt\/site\/wp-json\/wp\/v2\/media?parent=3468"}],"curies":[{"name":"wp","href":"https:\/\/api.w.org\/{rel}","templated":true}]}}