{"id":339,"date":"2017-03-17T16:34:45","date_gmt":"2017-03-17T16:34:45","guid":{"rendered":"http:\/\/www.aemarvao.pt\/site\/?page_id=339"},"modified":"2024-11-06T18:03:29","modified_gmt":"2024-11-06T18:03:29","slug":"biblioteca","status":"publish","type":"page","link":"https:\/\/aemarvao.edu.gov.pt\/site\/estruturas\/biblioteca\/","title":{"rendered":"Biblioteca"},"content":{"rendered":"<p align=\"justify\"><a href=\"https:\/\/sites.google.com\/view\/biblioteca-escolar-marvao\/p%C3%A1gina-inicial?authuser=1\">Blogue Novo<\/a><\/p>\n<p align=\"justify\"><a href=\"http:\/\/bemarvao.blogspot.pt\" target=\"_blank\" rel=\"noopener noreferrer\">Blogue Antigo<\/a><\/p>\n<p align=\"justify\"><a href=\"https:\/\/www.facebook.com\/Biblioteca-Escolar-Marv%C3%A3o-116173278453292\/\" target=\"_blank\" rel=\"noopener noreferrer\">Facebook<\/a><\/p>\n<p align=\"justify\">A Biblioteca \u00e9 uma unidade cient\u00edfico-pedag\u00f3gica, constitu\u00edda por um conjunto de recursos f\u00edsicos e humanos. Inserida no Programa Nacional da Rede de Bibliotecas Escolares, desenvolve trabalho de \u00e2mbito informativo, cultural e recreativo.<\/p>\n<h3 style=\"text-align: center;\"><strong>Hor\u00e1rio de Funcionamento<\/strong><\/h3>\n<p style=\"text-align: center;\"><a href=\"https:\/\/aemarvao.edu.gov.pt\/site\/wp-content\/uploads\/2024\/11\/BE.Ammaia.jpg\"><img loading=\"lazy\" class=\"alignnone wp-image-4968\" src=\"https:\/\/aemarvao.edu.gov.pt\/site\/wp-content\/uploads\/2024\/11\/BE.Ammaia.jpg\" alt=\"\" width=\"303\" height=\"202\" srcset=\"https:\/\/aemarvao.edu.gov.pt\/site\/wp-content\/uploads\/2024\/11\/BE.Ammaia.jpg 768w, https:\/\/aemarvao.edu.gov.pt\/site\/wp-content\/uploads\/2024\/11\/BE.Ammaia-300x200.jpg 300w\" sizes=\"(max-width: 303px) 100vw, 303px\" \/><\/a><\/p>\n<p style=\"text-align: left;\"><strong style=\"color: #222222; font-family: arial, sans-serif; font-size: 12.8px;\">EB de AMMAIA &#8211; Portagem<\/strong><\/p>\n<p><strong>Hor\u00e1rio:<\/strong> 9h00 \u00e0s 16h00<\/p>\n<p><strong>\u00a0<\/strong><\/p>\n<p style=\"text-align: center;\"><img loading=\"lazy\" class=\"alignnone wp-image-342 size-medium\" src=\"https:\/\/aemarvao.edu.gov.pt\/site\/wp-content\/uploads\/2017\/03\/Biblioteca-staa-300x225.png\" alt=\"\" width=\"300\" height=\"225\" srcset=\"https:\/\/aemarvao.edu.gov.pt\/site\/wp-content\/uploads\/2017\/03\/Biblioteca-staa-300x225.png 300w, https:\/\/aemarvao.edu.gov.pt\/site\/wp-content\/uploads\/2017\/03\/Biblioteca-staa.png 600w\" sizes=\"(max-width: 300px) 100vw, 300px\" \/><\/p>\n<p><strong style=\"color: #222222; font-family: arial, sans-serif; font-size: 12.8px;\">EB Dr. MANUEL MAGRO MACHADO &#8211; St\u00ba Ant\u00ba das Areias<\/strong><\/p>\n<p><strong>Hor\u00e1rio:<\/strong> Segunda a sexta-feira das 09h00 \u00e0s 13h00<\/p>\n<p>&nbsp;<\/p>\n<p><a href=\"https:\/\/aemarvao.edu.gov.pt\/site\/wp-content\/uploads\/2024\/11\/biblioteca-24-25.jpg\"><img loading=\"lazy\" class=\"wp-image-4970 aligncenter\" src=\"https:\/\/aemarvao.edu.gov.pt\/site\/wp-content\/uploads\/2024\/11\/biblioteca-24-25.jpg\" alt=\"\" width=\"344\" height=\"297\" srcset=\"https:\/\/aemarvao.edu.gov.pt\/site\/wp-content\/uploads\/2024\/11\/biblioteca-24-25.jpg 532w, https:\/\/aemarvao.edu.gov.pt\/site\/wp-content\/uploads\/2024\/11\/biblioteca-24-25-300x259.jpg 300w\" sizes=\"(max-width: 344px) 100vw, 344px\" \/><\/a><\/p>\n","protected":false},"excerpt":{"rendered":"<p>Blogue Novo Blogue Antigo Facebook A Biblioteca \u00e9 uma unidade cient\u00edfico-pedag\u00f3gica, constitu\u00edda por um conjunto de recursos f\u00edsicos e humanos. Inserida no Programa Nacional da Rede de Bibliotecas Escolares, desenvolve trabalho de \u00e2mbito informativo, cultural e recreativo. Hor\u00e1rio de Funcionamento EB de AMMAIA &#8211; Portagem Hor\u00e1rio: 9h00 \u00e0s 16h00 \u00a0 EB Dr. MANUEL MAGRO MACHADO &hellip; <\/p>\n<p class=\"link-more\"><a href=\"https:\/\/aemarvao.edu.gov.pt\/site\/estruturas\/biblioteca\/\" class=\"more-link\">Continuar a ler <span class=\"screen-reader-text\">&#8220;Biblioteca&#8221;<\/span><\/a><\/p>\n","protected":false},"author":1,"featured_media":0,"parent":257,"menu_order":0,"comment_status":"closed","ping_status":"closed","template":"","meta":[],"_links":{"self":[{"href":"https:\/\/aemarvao.edu.gov.pt\/site\/wp-json\/wp\/v2\/pages\/339"}],"collection":[{"href":"https:\/\/aemarvao.edu.gov.pt\/site\/wp-json\/wp\/v2\/pages"}],"about":[{"href":"https:\/\/aemarvao.edu.gov.pt\/site\/wp-json\/wp\/v2\/types\/page"}],"author":[{"embeddable":true,"href":"https:\/\/aemarvao.edu.gov.pt\/site\/wp-json\/wp\/v2\/users\/1"}],"replies":[{"embeddable":true,"href":"https:\/\/aemarvao.edu.gov.pt\/site\/wp-json\/wp\/v2\/comments?post=339"}],"version-history":[{"count":23,"href":"https:\/\/aemarvao.edu.gov.pt\/site\/wp-json\/wp\/v2\/pages\/339\/revisions"}],"predecessor-version":[{"id":4972,"href":"https:\/\/aemarvao.edu.gov.pt\/site\/wp-json\/wp\/v2\/pages\/339\/revisions\/4972"}],"up":[{"embeddable":true,"href":"https:\/\/aemarvao.edu.gov.pt\/site\/wp-json\/wp\/v2\/pages\/257"}],"wp:attachment":[{"href":"https:\/\/aemarvao.edu.gov.pt\/site\/wp-json\/wp\/v2\/media?parent=339"}],"curies":[{"name":"wp","href":"https:\/\/api.w.org\/{rel}","templated":true}]}}