{"id":271,"date":"2017-03-16T16:17:28","date_gmt":"2017-03-16T16:17:28","guid":{"rendered":"http:\/\/www.aemarvao.pt\/site\/?page_id=271"},"modified":"2025-09-25T14:15:11","modified_gmt":"2025-09-25T14:15:11","slug":"refeitorio","status":"publish","type":"page","link":"https:\/\/aemarvao.edu.gov.pt\/site\/servicos\/refeitorio\/","title":{"rendered":"Refeit\u00f3rio"},"content":{"rendered":"<p style=\"text-align: center;\"><strong>Hor\u00e1rio de Funcionamento<\/strong><\/p>\n<p><strong>EBI C\/ JI da AMMAIA &#8211; Portagem<\/strong><\/p>\n<p><strong>Almo\u00e7o:<\/strong> 12h00m &#8211; 13h30m<\/p>\n<p>&nbsp;<\/p>\n<p><strong>EBI C\/ JI Dr. MANUEL MAGRO MACHADO\u00a0&#8211; St\u00ba Ant\u00ba das Areias<\/strong><\/p>\n<p><strong>Almo\u00e7o:<\/strong> 12h00m &#8211; 13h00m<\/p>\n<p>&nbsp;<\/p>\n<p align=\"justify\"><strong>Senhas:<\/strong> Adquirir na papelaria at\u00e9 \u00e0s 17h00 do dia anterior ou no pr\u00f3prio dia at\u00e9 \u00e0s 10h00 (conforme previsto no regulamento interno).<\/p>\n<p align=\"justify\"><div class=\"child_pages child_pages-thumbnail\">\n<div id=\"child_page-274\" class=\"child_page\" style=\"width:100%;max-width:100%;\"><div class=\"child_page-container\"><div class=\"post_thumb\"><a href=\"https:\/\/aemarvao.edu.gov.pt\/site\/servicos\/refeitorio\/ementas\/\"><\/a><\/div><div class=\"post_content\"><h4><a href=\"https:\/\/aemarvao.edu.gov.pt\/site\/servicos\/refeitorio\/ementas\/\">Ementas<\/a><\/h4><div class=\"post_excerpt\">Ementas de 23 a 27 de mar\u00e7o Ementas de 30 de mar\u00e7o a 3 de abril Ementas de 6 a 10 de abril Ementas de 13 a 17 de abril Ementas de 20 a 24 de abril<\/div><\/div><!-- .post_content  --><\/div><!-- .child_page-container --><\/div><!-- #child_page-274\" -->\n<\/div><\/p>\n","protected":false},"excerpt":{"rendered":"<p>Hor\u00e1rio de Funcionamento EBI C\/ JI da AMMAIA &#8211; Portagem Almo\u00e7o: 12h00m &#8211; 13h30m &nbsp; EBI C\/ JI Dr. MANUEL MAGRO MACHADO\u00a0&#8211; St\u00ba Ant\u00ba das Areias Almo\u00e7o: 12h00m &#8211; 13h00m &nbsp; Senhas: Adquirir na papelaria at\u00e9 \u00e0s 17h00 do dia anterior ou no pr\u00f3prio dia at\u00e9 \u00e0s 10h00 (conforme previsto no regulamento interno).<\/p>\n","protected":false},"author":1,"featured_media":0,"parent":259,"menu_order":0,"comment_status":"closed","ping_status":"closed","template":"","meta":[],"_links":{"self":[{"href":"https:\/\/aemarvao.edu.gov.pt\/site\/wp-json\/wp\/v2\/pages\/271"}],"collection":[{"href":"https:\/\/aemarvao.edu.gov.pt\/site\/wp-json\/wp\/v2\/pages"}],"about":[{"href":"https:\/\/aemarvao.edu.gov.pt\/site\/wp-json\/wp\/v2\/types\/page"}],"author":[{"embeddable":true,"href":"https:\/\/aemarvao.edu.gov.pt\/site\/wp-json\/wp\/v2\/users\/1"}],"replies":[{"embeddable":true,"href":"https:\/\/aemarvao.edu.gov.pt\/site\/wp-json\/wp\/v2\/comments?post=271"}],"version-history":[{"count":5,"href":"https:\/\/aemarvao.edu.gov.pt\/site\/wp-json\/wp\/v2\/pages\/271\/revisions"}],"predecessor-version":[{"id":5325,"href":"https:\/\/aemarvao.edu.gov.pt\/site\/wp-json\/wp\/v2\/pages\/271\/revisions\/5325"}],"up":[{"embeddable":true,"href":"https:\/\/aemarvao.edu.gov.pt\/site\/wp-json\/wp\/v2\/pages\/259"}],"wp:attachment":[{"href":"https:\/\/aemarvao.edu.gov.pt\/site\/wp-json\/wp\/v2\/media?parent=271"}],"curies":[{"name":"wp","href":"https:\/\/api.w.org\/{rel}","templated":true}]}}