{"id":263,"date":"2017-03-16T16:09:01","date_gmt":"2017-03-16T16:09:01","guid":{"rendered":"http:\/\/www.aemarvao.pt\/site\/?page_id=263"},"modified":"2017-03-20T10:05:06","modified_gmt":"2017-03-20T10:05:06","slug":"alunosenc-educacao","status":"publish","type":"page","link":"https:\/\/aemarvao.edu.gov.pt\/site\/alunosenc-educacao\/","title":{"rendered":"Alunos\/Enc. Educa\u00e7\u00e3o"},"content":{"rendered":"<div class=\"child_pages child_pages-thumbnail\">\n<div id=\"child_page-349\" class=\"child_page\" style=\"width:100%;max-width:100%;\"><div class=\"child_page-container\"><div class=\"post_thumb\"><a href=\"https:\/\/aemarvao.edu.gov.pt\/site\/alunosenc-educacao\/associacao-de-paisenc-de-educacao\/\"><\/a><\/div><div class=\"post_content\"><h4><a href=\"https:\/\/aemarvao.edu.gov.pt\/site\/alunosenc-educacao\/associacao-de-paisenc-de-educacao\/\">Associa\u00e7\u00e3o de Pais\/Enc. de Educa\u00e7\u00e3o<\/a><\/h4><div class=\"post_excerpt\">As associa\u00e7\u00f5es de pais visam a defesa e a promo\u00e7\u00e3o dos interesses dos seus associados em tudo quanto respeita \u00e0 educa\u00e7\u00e3o e ao ensino dos seus filhos e educandos que sejam alunos da educa\u00e7\u00e3o pr\u00e9-escolar ou dos ensinos b\u00e1sico ou secund\u00e1rio, p\u00fablico, particular ou cooperativo.<\/div><\/div><!-- .post_content  --><\/div><!-- .child_page-container --><\/div><!-- #child_page-349\" -->\n\n<div id=\"child_page-352\" class=\"child_page\" style=\"width:100%;max-width:100%;\"><div class=\"child_page-container\"><div class=\"post_thumb\"><a href=\"https:\/\/aemarvao.edu.gov.pt\/site\/alunosenc-educacao\/aecs\/\"><\/a><\/div><div class=\"post_content\"><h4><a href=\"https:\/\/aemarvao.edu.gov.pt\/site\/alunosenc-educacao\/aecs\/\">AECs<\/a><\/h4><div class=\"post_excerpt\">As Atividades de Enriquecimento Curricular (AEC) t\u00eam como objetivo beneficiar os alunos e integram pr\u00e1ticas como o estudo acompanhado, a inicia\u00e7\u00e3o de uma l\u00edngua estrangeira, o desporto escolar, as express\u00f5es art\u00edstica e musical e as tecnologias de comunica\u00e7\u00e3o e informa\u00e7\u00e3o. Regulamento das Atividades de Enriquecimento Curricular<\/div><\/div><!-- .post_content  --><\/div><!-- .child_page-container --><\/div><!-- #child_page-352\" -->\n\n<div id=\"child_page-358\" class=\"child_page\" style=\"width:100%;max-width:100%;\"><div class=\"child_page-container\"><div class=\"post_thumb\"><a href=\"https:\/\/aemarvao.edu.gov.pt\/site\/alunosenc-educacao\/criterios-de-avaliacao\/\"><\/a><\/div><div class=\"post_content\"><h4><a href=\"https:\/\/aemarvao.edu.gov.pt\/site\/alunosenc-educacao\/criterios-de-avaliacao\/\">Crit\u00e9rios de Avalia\u00e7\u00e3o<\/a><\/h4><div class=\"post_excerpt\">Ano letivo 2018\/2019 A avalia\u00e7\u00e3o \u00e9 parte integrante do processo ensino\/aprendizagem e ganhou na atualidade espa\u00e7o muito amplo nos processos de ensino. Requer preparo t\u00e9cnico e grande capacidade de observa\u00e7\u00e3o dos profissionais envolvidos. Segundo Perrenoud (1999), a avalia\u00e7\u00e3o da aprendizagem, no novo paradigma, \u00e9 um processo mediador na constru\u00e7\u00e3o do curr\u00edculo e se encontra intimamente &hellip; <p class=\"link-more\"><a href=\"https:\/\/aemarvao.edu.gov.pt\/site\/alunosenc-educacao\/criterios-de-avaliacao\/\" class=\"more-link\">Continuar a ler <span class=\"screen-reader-text\">\"Crit\u00e9rios de Avalia\u00e7\u00e3o\"<\/span><\/a><\/p><\/div><\/div><!-- .post_content  --><\/div><!-- .child_page-container --><\/div><!-- #child_page-358\" -->\n\n<div id=\"child_page-372\" class=\"child_page\" style=\"width:100%;max-width:100%;\"><div class=\"child_page-container\"><div class=\"post_thumb\"><a href=\"https:\/\/aemarvao.edu.gov.pt\/site\/alunosenc-educacao\/conteudos-programaticos\/\"><\/a><\/div><div class=\"post_content\"><h4><a href=\"https:\/\/aemarvao.edu.gov.pt\/site\/alunosenc-educacao\/conteudos-programaticos\/\">Crit\u00e9rios Espec\u00edficos de Avalia\u00e7\u00e3o<\/a><\/h4><div class=\"post_excerpt\">Ano letivo 2024\/2025 Pr\u00e9-Escolar Crit\u00e9rios Espec\u00edficos 1\u00baCiclo 1.\u00baAno |\u00a0 Portugu\u00eas \u00a0| \u00a0Matem\u00e1tica \u00a0| \u00a0Estudo do Meio\u00a0 |\u00a0\u00a0Oferta Escrita Criativa\u00a0 |\u00a0 Teatro\u00a0 | \u00a0M\u00fasica\u00a0 | \u00a0Artes Visuais\u00a0 | \u00a0Edu. F\u00edsica\u00a0 | \u00a0Dan\u00e7a 2.\u00baAno | \u00a0Portugu\u00eas \u00a0| \u00a0Matem\u00e1tica \u00a0| \u00a0Estudo do Meio\u00a0 | \u00a0Oferta Escrita Criativa\u00a0 | \u00a0Teatro\u00a0 | \u00a0M\u00fasica\u00a0 | \u00a0Artes Visuais\u00a0 | \u00a0Edu. F\u00edsica\u00a0 | &hellip; <p class=\"link-more\"><a href=\"https:\/\/aemarvao.edu.gov.pt\/site\/alunosenc-educacao\/conteudos-programaticos\/\" class=\"more-link\">Continuar a ler <span class=\"screen-reader-text\">\"Crit\u00e9rios Espec\u00edficos de Avalia\u00e7\u00e3o\"<\/span><\/a><\/p><\/div><\/div><!-- .post_content  --><\/div><!-- .child_page-container --><\/div><!-- #child_page-372\" -->\n\n<div id=\"child_page-375\" class=\"child_page\" style=\"width:100%;max-width:100%;\"><div class=\"child_page-container\"><div class=\"post_thumb\"><a href=\"https:\/\/aemarvao.edu.gov.pt\/site\/alunosenc-educacao\/clubes\/\"><\/a><\/div><div class=\"post_content\"><h4><a href=\"https:\/\/aemarvao.edu.gov.pt\/site\/alunosenc-educacao\/clubes\/\">Clubes<\/a><\/h4><div class=\"post_excerpt\">Os clubes propostos anualmente pelo Agrupamento aos seus alunos existem em fun\u00e7\u00e3o dos interesses profissionais e culturais da comunidade educativa e afirmam-se como complemento \u00e0s aprendizagens curriculares, potenciando a aquisi\u00e7\u00e3o de compet\u00eancias consideradas essenciais.<\/div><\/div><!-- .post_content  --><\/div><!-- .child_page-container --><\/div><!-- #child_page-375\" -->\n\n<div id=\"child_page-378\" class=\"child_page\" style=\"width:100%;max-width:100%;\"><div class=\"child_page-container\"><div class=\"post_thumb\"><a href=\"https:\/\/aemarvao.edu.gov.pt\/site\/alunosenc-educacao\/desporto-escolar\/\"><\/a><\/div><div class=\"post_content\"><h4><a href=\"https:\/\/aemarvao.edu.gov.pt\/site\/alunosenc-educacao\/desporto-escolar\/\">Desporto Escolar<\/a><\/h4><div class=\"post_excerpt\">Equipa de trabalho que promove estilos de vida saud\u00e1veis e o contacto com diferentes modalidades desportivas.<\/div><\/div><!-- .post_content  --><\/div><!-- .child_page-container --><\/div><!-- #child_page-378\" -->\n\n<div id=\"child_page-381\" class=\"child_page\" style=\"width:100%;max-width:100%;\"><div class=\"child_page-container\"><div class=\"post_thumb\"><a href=\"https:\/\/aemarvao.edu.gov.pt\/site\/alunosenc-educacao\/legislacao\/\"><\/a><\/div><div class=\"post_content\"><h4><a href=\"https:\/\/aemarvao.edu.gov.pt\/site\/alunosenc-educacao\/legislacao\/\">Legisla\u00e7\u00e3o<\/a><\/h4><div class=\"post_excerpt\">Encontram-se aqui dispon\u00edveis em formato eletr\u00f3nico os documentos para visualiza\u00e7\u00e3o e download: Despacho sobre Matr\u00edculas Estatuto do Aluno e \u00c9tica Escolar Regulamento do Seguro Escolar<\/div><\/div><!-- .post_content  --><\/div><!-- .child_page-container --><\/div><!-- #child_page-381\" -->\n\n<div id=\"child_page-393\" class=\"child_page\" style=\"width:100%;max-width:100%;\"><div class=\"child_page-container\"><div class=\"post_thumb\"><a href=\"https:\/\/aemarvao.edu.gov.pt\/site\/alunosenc-educacao\/manuais-escolares\/\"><\/a><\/div><div class=\"post_content\"><h4><a href=\"https:\/\/aemarvao.edu.gov.pt\/site\/alunosenc-educacao\/manuais-escolares\/\">Manuais Escolares<\/a><\/h4><div class=\"post_excerpt\">Escola B\u00e1sica Dr. Manuel Magro Machado, Santo Ant\u00f3nio das Areias Consulte a lista de manuais adotados para o ano letivo 2025\/2026 Escola B\u00e1sica Integrada de Ammaia,\u00a0Portagem Consulte a lista de manuais adotados para o ano letivo 2025\/2026<\/div><\/div><!-- .post_content  --><\/div><!-- .child_page-container --><\/div><!-- #child_page-393\" -->\n\n<div id=\"child_page-5752\" class=\"child_page\" style=\"width:100%;max-width:100%;\"><div class=\"child_page-container\"><div class=\"post_thumb\"><a href=\"https:\/\/aemarvao.edu.gov.pt\/site\/alunosenc-educacao\/provas-2026\/\"><\/a><\/div><div class=\"post_content\"><h4><a href=\"https:\/\/aemarvao.edu.gov.pt\/site\/alunosenc-educacao\/provas-2026\/\">Provas 2026<\/a><\/h4><div class=\"post_excerpt\">Calendariza\u00e7\u00e3o da Realiza\u00e7\u00e3o das Provas Ano Letivo 2025\/2026<\/div><\/div><!-- .post_content  --><\/div><!-- .child_page-container --><\/div><!-- #child_page-5752\" -->\n<\/div>\n","protected":false},"excerpt":{"rendered":"","protected":false},"author":1,"featured_media":0,"parent":0,"menu_order":0,"comment_status":"closed","ping_status":"closed","template":"","meta":[],"_links":{"self":[{"href":"https:\/\/aemarvao.edu.gov.pt\/site\/wp-json\/wp\/v2\/pages\/263"}],"collection":[{"href":"https:\/\/aemarvao.edu.gov.pt\/site\/wp-json\/wp\/v2\/pages"}],"about":[{"href":"https:\/\/aemarvao.edu.gov.pt\/site\/wp-json\/wp\/v2\/types\/page"}],"author":[{"embeddable":true,"href":"https:\/\/aemarvao.edu.gov.pt\/site\/wp-json\/wp\/v2\/users\/1"}],"replies":[{"embeddable":true,"href":"https:\/\/aemarvao.edu.gov.pt\/site\/wp-json\/wp\/v2\/comments?post=263"}],"version-history":[{"count":2,"href":"https:\/\/aemarvao.edu.gov.pt\/site\/wp-json\/wp\/v2\/pages\/263\/revisions"}],"predecessor-version":[{"id":348,"href":"https:\/\/aemarvao.edu.gov.pt\/site\/wp-json\/wp\/v2\/pages\/263\/revisions\/348"}],"wp:attachment":[{"href":"https:\/\/aemarvao.edu.gov.pt\/site\/wp-json\/wp\/v2\/media?parent=263"}],"curies":[{"name":"wp","href":"https:\/\/api.w.org\/{rel}","templated":true}]}}