{"id":253,"date":"2017-03-16T15:51:55","date_gmt":"2017-03-16T15:51:55","guid":{"rendered":"http:\/\/www.aemarvao.pt\/site\/?page_id=253"},"modified":"2025-11-11T16:06:46","modified_gmt":"2025-11-11T16:06:46","slug":"projeto-educativo-20252027","status":"publish","type":"page","link":"https:\/\/aemarvao.edu.gov.pt\/site\/documentos-estruturantes\/projeto-educativo-20252027\/","title":{"rendered":"Projeto Educativo 2025\/2027"},"content":{"rendered":"<p><a href=\"https:\/\/aemarvao.edu.gov.pt\/site\/wp-content\/uploads\/2025\/11\/Projeto-Educativo-2025-2027.pdf\"><strong>Projeto Educativo<\/strong> <strong>2025-2027<\/strong><\/a><\/p>\n<p>&nbsp;<\/p>\n<p align=\"justify\">A constru\u00e7\u00e3o do Projeto Educativo do Agrupamento (PEA) teve como objetivo definir as op\u00e7\u00f5es estrat\u00e9gicas do desenvolvimento organizacional, pedag\u00f3gico, social e profissional, identificadas como essenciais e priorit\u00e1rios por toda a comunidade educativa.<\/p>\n","protected":false},"excerpt":{"rendered":"<p>Projeto Educativo 2025-2027 &nbsp; A constru\u00e7\u00e3o do Projeto Educativo do Agrupamento (PEA) teve como objetivo definir as op\u00e7\u00f5es estrat\u00e9gicas do desenvolvimento organizacional, pedag\u00f3gico, social e profissional, identificadas como essenciais e priorit\u00e1rios por toda a comunidade educativa.<\/p>\n","protected":false},"author":1,"featured_media":0,"parent":165,"menu_order":0,"comment_status":"closed","ping_status":"closed","template":"","meta":[],"_links":{"self":[{"href":"https:\/\/aemarvao.edu.gov.pt\/site\/wp-json\/wp\/v2\/pages\/253"}],"collection":[{"href":"https:\/\/aemarvao.edu.gov.pt\/site\/wp-json\/wp\/v2\/pages"}],"about":[{"href":"https:\/\/aemarvao.edu.gov.pt\/site\/wp-json\/wp\/v2\/types\/page"}],"author":[{"embeddable":true,"href":"https:\/\/aemarvao.edu.gov.pt\/site\/wp-json\/wp\/v2\/users\/1"}],"replies":[{"embeddable":true,"href":"https:\/\/aemarvao.edu.gov.pt\/site\/wp-json\/wp\/v2\/comments?post=253"}],"version-history":[{"count":11,"href":"https:\/\/aemarvao.edu.gov.pt\/site\/wp-json\/wp\/v2\/pages\/253\/revisions"}],"predecessor-version":[{"id":5411,"href":"https:\/\/aemarvao.edu.gov.pt\/site\/wp-json\/wp\/v2\/pages\/253\/revisions\/5411"}],"up":[{"embeddable":true,"href":"https:\/\/aemarvao.edu.gov.pt\/site\/wp-json\/wp\/v2\/pages\/165"}],"wp:attachment":[{"href":"https:\/\/aemarvao.edu.gov.pt\/site\/wp-json\/wp\/v2\/media?parent=253"}],"curies":[{"name":"wp","href":"https:\/\/api.w.org\/{rel}","templated":true}]}}