{"id":249,"date":"2017-03-16T15:45:10","date_gmt":"2017-03-16T15:45:10","guid":{"rendered":"http:\/\/www.aemarvao.pt\/site\/?page_id=249"},"modified":"2025-10-14T09:35:35","modified_gmt":"2025-10-14T09:35:35","slug":"plano-de-melhoria-2025-26","status":"publish","type":"page","link":"https:\/\/aemarvao.edu.gov.pt\/site\/documentos-estruturantes\/plano-de-melhoria-2025-26\/","title":{"rendered":"Plano de Melhoria 2025\/26"},"content":{"rendered":"<p><a href=\"https:\/\/aemarvao.edu.gov.pt\/site\/wp-content\/uploads\/2025\/10\/Plano-de-Melhoria-para-2025-26-Retificado.pdf\" target=\"_blank\" rel=\"noopener\"><strong>Plano de Melhoria 2025\/26 para consulta<\/strong><\/a><\/p>\n<p align=\"justify\">O Plano de Melhoria tem como objetivo o fortalecimento e\/ou mudan\u00e7a de pr\u00e1ticas, em resposta \u00e0s \u00e1reas destacadas no \u00e2mbito da avalia\u00e7\u00e3o externa, pretendendo assumir um comprometimento com um processo de melhoria e o estabelecimento de condi\u00e7\u00f5es objetivas de como essa melhoria ser\u00e1 alcan\u00e7ada, tal como j\u00e1 tinha sido definido no plano de interven\u00e7\u00e3o do Projeto Educativo, documento onde se explicitaram os princ\u00edpios, os valores, as metas e os objetivos segundo os quais a escola se prop\u00f5e cumprir a sua fun\u00e7\u00e3o educativa.<\/p>\n","protected":false},"excerpt":{"rendered":"<p>Plano de Melhoria 2025\/26 para consulta O Plano de Melhoria tem como objetivo o fortalecimento e\/ou mudan\u00e7a de pr\u00e1ticas, em resposta \u00e0s \u00e1reas destacadas no \u00e2mbito da avalia\u00e7\u00e3o externa, pretendendo assumir um comprometimento com um processo de melhoria e o estabelecimento de condi\u00e7\u00f5es objetivas de como essa melhoria ser\u00e1 alcan\u00e7ada, tal como j\u00e1 tinha sido &hellip; <\/p>\n<p class=\"link-more\"><a href=\"https:\/\/aemarvao.edu.gov.pt\/site\/documentos-estruturantes\/plano-de-melhoria-2025-26\/\" class=\"more-link\">Continuar a ler <span class=\"screen-reader-text\">&#8220;Plano de Melhoria 2025\/26&#8221;<\/span><\/a><\/p>\n","protected":false},"author":1,"featured_media":0,"parent":165,"menu_order":0,"comment_status":"closed","ping_status":"closed","template":"","meta":[],"_links":{"self":[{"href":"https:\/\/aemarvao.edu.gov.pt\/site\/wp-json\/wp\/v2\/pages\/249"}],"collection":[{"href":"https:\/\/aemarvao.edu.gov.pt\/site\/wp-json\/wp\/v2\/pages"}],"about":[{"href":"https:\/\/aemarvao.edu.gov.pt\/site\/wp-json\/wp\/v2\/types\/page"}],"author":[{"embeddable":true,"href":"https:\/\/aemarvao.edu.gov.pt\/site\/wp-json\/wp\/v2\/users\/1"}],"replies":[{"embeddable":true,"href":"https:\/\/aemarvao.edu.gov.pt\/site\/wp-json\/wp\/v2\/comments?post=249"}],"version-history":[{"count":9,"href":"https:\/\/aemarvao.edu.gov.pt\/site\/wp-json\/wp\/v2\/pages\/249\/revisions"}],"predecessor-version":[{"id":5328,"href":"https:\/\/aemarvao.edu.gov.pt\/site\/wp-json\/wp\/v2\/pages\/249\/revisions\/5328"}],"up":[{"embeddable":true,"href":"https:\/\/aemarvao.edu.gov.pt\/site\/wp-json\/wp\/v2\/pages\/165"}],"wp:attachment":[{"href":"https:\/\/aemarvao.edu.gov.pt\/site\/wp-json\/wp\/v2\/media?parent=249"}],"curies":[{"name":"wp","href":"https:\/\/api.w.org\/{rel}","templated":true}]}}