{"id":236,"date":"2017-03-16T15:20:16","date_gmt":"2017-03-16T15:20:16","guid":{"rendered":"http:\/\/www.aemarvao.pt\/site\/?page_id=236"},"modified":"2021-09-21T10:18:31","modified_gmt":"2021-09-21T10:18:31","slug":"regulamento-giae","status":"publish","type":"page","link":"https:\/\/aemarvao.edu.gov.pt\/site\/documentos-estruturantes\/regulamento-giae\/","title":{"rendered":"Regulamento GIAE"},"content":{"rendered":"<p><strong><a href=\"https:\/\/aemarvao.edu.gov.pt\/site\/wp-content\/uploads\/2017\/03\/Regulamento_GIAE.pdf\" target=\"_blank\" rel=\"noopener noreferrer\">Regulamento GIAE para consulta<\/a><\/strong><\/p>\n<p align=\"justify\">O Sistema de Gest\u00e3o para a Administra\u00e7\u00e3o Escolar, designado GIAE, \u00e9 um sistema inform\u00e1tico, instalado, em rede, nos postos de trabalho de presta\u00e7\u00e3o de servi\u00e7os \u00e0 comunidade escolar: Portaria; Refeit\u00f3rio, Bufete; Papelaria, Reprografia e Servi\u00e7os Administrativos.<\/p>\n<p align=\"justify\">O presente regulamento aplica-se a todos os utilizadores do sistema e portadores de cart\u00e3o do Agrupamento de Escolas de Marv\u00e3o (EBI c\/JI de Ammaia e EBI c\/JI Dr. Manuel Magro Machado).<\/p>\n","protected":false},"excerpt":{"rendered":"<p>Regulamento GIAE para consulta O Sistema de Gest\u00e3o para a Administra\u00e7\u00e3o Escolar, designado GIAE, \u00e9 um sistema inform\u00e1tico, instalado, em rede, nos postos de trabalho de presta\u00e7\u00e3o de servi\u00e7os \u00e0 comunidade escolar: Portaria; Refeit\u00f3rio, Bufete; Papelaria, Reprografia e Servi\u00e7os Administrativos. O presente regulamento aplica-se a todos os utilizadores do sistema e portadores de cart\u00e3o do &hellip; <\/p>\n<p class=\"link-more\"><a href=\"https:\/\/aemarvao.edu.gov.pt\/site\/documentos-estruturantes\/regulamento-giae\/\" class=\"more-link\">Continuar a ler <span class=\"screen-reader-text\">&#8220;Regulamento GIAE&#8221;<\/span><\/a><\/p>\n","protected":false},"author":1,"featured_media":0,"parent":165,"menu_order":0,"comment_status":"closed","ping_status":"closed","template":"","meta":[],"_links":{"self":[{"href":"https:\/\/aemarvao.edu.gov.pt\/site\/wp-json\/wp\/v2\/pages\/236"}],"collection":[{"href":"https:\/\/aemarvao.edu.gov.pt\/site\/wp-json\/wp\/v2\/pages"}],"about":[{"href":"https:\/\/aemarvao.edu.gov.pt\/site\/wp-json\/wp\/v2\/types\/page"}],"author":[{"embeddable":true,"href":"https:\/\/aemarvao.edu.gov.pt\/site\/wp-json\/wp\/v2\/users\/1"}],"replies":[{"embeddable":true,"href":"https:\/\/aemarvao.edu.gov.pt\/site\/wp-json\/wp\/v2\/comments?post=236"}],"version-history":[{"count":5,"href":"https:\/\/aemarvao.edu.gov.pt\/site\/wp-json\/wp\/v2\/pages\/236\/revisions"}],"predecessor-version":[{"id":3124,"href":"https:\/\/aemarvao.edu.gov.pt\/site\/wp-json\/wp\/v2\/pages\/236\/revisions\/3124"}],"up":[{"embeddable":true,"href":"https:\/\/aemarvao.edu.gov.pt\/site\/wp-json\/wp\/v2\/pages\/165"}],"wp:attachment":[{"href":"https:\/\/aemarvao.edu.gov.pt\/site\/wp-json\/wp\/v2\/media?parent=236"}],"curies":[{"name":"wp","href":"https:\/\/api.w.org\/{rel}","templated":true}]}}