{"id":218,"date":"2017-03-16T14:48:24","date_gmt":"2017-03-16T14:48:24","guid":{"rendered":"http:\/\/www.aemarvao.pt\/site\/?page_id=218"},"modified":"2022-03-09T12:07:08","modified_gmt":"2022-03-09T12:07:08","slug":"quadros-de-valor-e-excelencia","status":"publish","type":"page","link":"https:\/\/aemarvao.edu.gov.pt\/site\/documentos-estruturantes\/quadros-de-valor-e-excelencia\/","title":{"rendered":"Quadros de Valor e Excel\u00eancia"},"content":{"rendered":"<p><a href=\"https:\/\/aemarvao.edu.gov.pt\/site\/wp-content\/uploads\/2022\/03\/Quadros-de-Valor-e-Exel\u00eancia-2018.pdf\" target=\"_blank\" rel=\"noopener noreferrer\"><strong>Quadros de Valor e Excel\u00eancia para consulta<\/strong><\/a><\/p>\n<p align=\"justify\">Os quadros de valor e de excel\u00eancia destinam-se a tornar patente o reconhecimento de aptid\u00f5es e atitudes dos alunos ou grupos de alunos do 1\u00ba, 2\u00ba e 3\u00ba ciclos do ensino b\u00e1sico, que tenham evidenciado valor e excel\u00eancia nos dom\u00ednios cognitivo, cultural, pessoal ou social.<\/p>\n<p align=\"justify\">Os quadros de valor e de excel\u00eancia podem reconhecer tanto os alunos enquanto pessoas, como as turmas, equipas, clubes, anos ou outros grupos.<\/p>\n","protected":false},"excerpt":{"rendered":"<p>Quadros de Valor e Excel\u00eancia para consulta Os quadros de valor e de excel\u00eancia destinam-se a tornar patente o reconhecimento de aptid\u00f5es e atitudes dos alunos ou grupos de alunos do 1\u00ba, 2\u00ba e 3\u00ba ciclos do ensino b\u00e1sico, que tenham evidenciado valor e excel\u00eancia nos dom\u00ednios cognitivo, cultural, pessoal ou social. Os quadros de &hellip; <\/p>\n<p class=\"link-more\"><a href=\"https:\/\/aemarvao.edu.gov.pt\/site\/documentos-estruturantes\/quadros-de-valor-e-excelencia\/\" class=\"more-link\">Continuar a ler <span class=\"screen-reader-text\">&#8220;Quadros de Valor e Excel\u00eancia&#8221;<\/span><\/a><\/p>\n","protected":false},"author":1,"featured_media":0,"parent":165,"menu_order":0,"comment_status":"closed","ping_status":"closed","template":"","meta":[],"_links":{"self":[{"href":"https:\/\/aemarvao.edu.gov.pt\/site\/wp-json\/wp\/v2\/pages\/218"}],"collection":[{"href":"https:\/\/aemarvao.edu.gov.pt\/site\/wp-json\/wp\/v2\/pages"}],"about":[{"href":"https:\/\/aemarvao.edu.gov.pt\/site\/wp-json\/wp\/v2\/types\/page"}],"author":[{"embeddable":true,"href":"https:\/\/aemarvao.edu.gov.pt\/site\/wp-json\/wp\/v2\/users\/1"}],"replies":[{"embeddable":true,"href":"https:\/\/aemarvao.edu.gov.pt\/site\/wp-json\/wp\/v2\/comments?post=218"}],"version-history":[{"count":12,"href":"https:\/\/aemarvao.edu.gov.pt\/site\/wp-json\/wp\/v2\/pages\/218\/revisions"}],"predecessor-version":[{"id":3421,"href":"https:\/\/aemarvao.edu.gov.pt\/site\/wp-json\/wp\/v2\/pages\/218\/revisions\/3421"}],"up":[{"embeddable":true,"href":"https:\/\/aemarvao.edu.gov.pt\/site\/wp-json\/wp\/v2\/pages\/165"}],"wp:attachment":[{"href":"https:\/\/aemarvao.edu.gov.pt\/site\/wp-json\/wp\/v2\/media?parent=218"}],"curies":[{"name":"wp","href":"https:\/\/api.w.org\/{rel}","templated":true}]}}