{"id":203,"date":"2017-03-16T14:11:42","date_gmt":"2017-03-16T14:11:42","guid":{"rendered":"http:\/\/www.aemarvao.pt\/site\/?page_id=203"},"modified":"2025-09-24T13:42:07","modified_gmt":"2025-09-24T13:42:07","slug":"organizacao-e-funcionamento-das-escolas","status":"publish","type":"page","link":"https:\/\/aemarvao.edu.gov.pt\/site\/documentos-estruturantes\/organizacao-e-funcionamento-das-escolas\/","title":{"rendered":"Organiza\u00e7\u00e3o e Funcionamento das Escolas"},"content":{"rendered":"<p><a href=\"https:\/\/aemarvao.edu.gov.pt\/site\/wp-content\/uploads\/2025\/09\/Organizacao-e-Funcionamento-das-Escolas-2025-26.pdf\" target=\"_blank\" rel=\"noopener noreferrer\"><strong>Organiza\u00e7\u00e3o e Funcionamento das Escolas para consulta<\/strong><\/a><\/p>\n<p align=\"justify\">A Organiza\u00e7\u00e3o e Funcionamento das Escolas \u00e9 um documento estruturante para o Agrupamento, uma vez que re\u00fane um vasto leque de informa\u00e7\u00f5es relevantes para o bom funcionamento do Agrupamento, que v\u00e3o desde o hor\u00e1rio das atividades letivas, a diversos procedimentos a ter em considera\u00e7\u00e3o tanto pelo pessoal docente como n\u00e3o docente.<\/p>\n","protected":false},"excerpt":{"rendered":"<p>Organiza\u00e7\u00e3o e Funcionamento das Escolas para consulta A Organiza\u00e7\u00e3o e Funcionamento das Escolas \u00e9 um documento estruturante para o Agrupamento, uma vez que re\u00fane um vasto leque de informa\u00e7\u00f5es relevantes para o bom funcionamento do Agrupamento, que v\u00e3o desde o hor\u00e1rio das atividades letivas, a diversos procedimentos a ter em considera\u00e7\u00e3o tanto pelo pessoal docente &hellip; <\/p>\n<p class=\"link-more\"><a href=\"https:\/\/aemarvao.edu.gov.pt\/site\/documentos-estruturantes\/organizacao-e-funcionamento-das-escolas\/\" class=\"more-link\">Continuar a ler <span class=\"screen-reader-text\">&#8220;Organiza\u00e7\u00e3o e Funcionamento das Escolas&#8221;<\/span><\/a><\/p>\n","protected":false},"author":1,"featured_media":0,"parent":165,"menu_order":0,"comment_status":"closed","ping_status":"closed","template":"","meta":[],"_links":{"self":[{"href":"https:\/\/aemarvao.edu.gov.pt\/site\/wp-json\/wp\/v2\/pages\/203"}],"collection":[{"href":"https:\/\/aemarvao.edu.gov.pt\/site\/wp-json\/wp\/v2\/pages"}],"about":[{"href":"https:\/\/aemarvao.edu.gov.pt\/site\/wp-json\/wp\/v2\/types\/page"}],"author":[{"embeddable":true,"href":"https:\/\/aemarvao.edu.gov.pt\/site\/wp-json\/wp\/v2\/users\/1"}],"replies":[{"embeddable":true,"href":"https:\/\/aemarvao.edu.gov.pt\/site\/wp-json\/wp\/v2\/comments?post=203"}],"version-history":[{"count":16,"href":"https:\/\/aemarvao.edu.gov.pt\/site\/wp-json\/wp\/v2\/pages\/203\/revisions"}],"predecessor-version":[{"id":5294,"href":"https:\/\/aemarvao.edu.gov.pt\/site\/wp-json\/wp\/v2\/pages\/203\/revisions\/5294"}],"up":[{"embeddable":true,"href":"https:\/\/aemarvao.edu.gov.pt\/site\/wp-json\/wp\/v2\/pages\/165"}],"wp:attachment":[{"href":"https:\/\/aemarvao.edu.gov.pt\/site\/wp-json\/wp\/v2\/media?parent=203"}],"curies":[{"name":"wp","href":"https:\/\/api.w.org\/{rel}","templated":true}]}}