{"id":191,"date":"2017-03-16T12:29:55","date_gmt":"2017-03-16T12:29:55","guid":{"rendered":"http:\/\/www.aemarvao.pt\/site\/?page_id=191"},"modified":"2025-09-09T15:19:03","modified_gmt":"2025-09-09T15:19:03","slug":"criterios-gerais-de-avaliacao","status":"publish","type":"page","link":"https:\/\/aemarvao.edu.gov.pt\/site\/documentos-estruturantes\/criterios-gerais-de-avaliacao\/","title":{"rendered":"Crit\u00e9rios Gerais de Avalia\u00e7\u00e3o"},"content":{"rendered":"<p><strong><a href=\"https:\/\/aemarvao.edu.gov.pt\/site\/wp-content\/uploads\/2025\/09\/Criterios-Gerais-Avaliacao_2025-26.pdf\">Crit\u00e9rios Gerais de Avalia\u00e7\u00e3o para consulta &#8211; 2025|26<\/a><\/strong><\/p>\n<p align=\"justify\">Os crit\u00e9rios gerais de avalia\u00e7\u00e3o constituem a refer\u00eancia para a defini\u00e7\u00e3o dos crit\u00e9rios espec\u00edficos das diferentes disciplinas e devem ser operacionalizados individualmente por cada docente e coletivamente pelo conselho de docentes no 1.\u00ba ciclo e pelos conselhos de turma nos 2.\u00ba e 3.\u00ba ciclos, no \u00e2mbito da realidade concreta de cada grupo\/turma, dos interesses dos alunos e de uma avalia\u00e7\u00e3o fundamentada, assente num processo transparente e aplicando instrumentos diversificados.<\/p>\n","protected":false},"excerpt":{"rendered":"<p>Crit\u00e9rios Gerais de Avalia\u00e7\u00e3o para consulta &#8211; 2025|26 Os crit\u00e9rios gerais de avalia\u00e7\u00e3o constituem a refer\u00eancia para a defini\u00e7\u00e3o dos crit\u00e9rios espec\u00edficos das diferentes disciplinas e devem ser operacionalizados individualmente por cada docente e coletivamente pelo conselho de docentes no 1.\u00ba ciclo e pelos conselhos de turma nos 2.\u00ba e 3.\u00ba ciclos, no \u00e2mbito da &hellip; <\/p>\n<p class=\"link-more\"><a href=\"https:\/\/aemarvao.edu.gov.pt\/site\/documentos-estruturantes\/criterios-gerais-de-avaliacao\/\" class=\"more-link\">Continuar a ler <span class=\"screen-reader-text\">&#8220;Crit\u00e9rios Gerais de Avalia\u00e7\u00e3o&#8221;<\/span><\/a><\/p>\n","protected":false},"author":1,"featured_media":0,"parent":165,"menu_order":0,"comment_status":"closed","ping_status":"closed","template":"","meta":[],"_links":{"self":[{"href":"https:\/\/aemarvao.edu.gov.pt\/site\/wp-json\/wp\/v2\/pages\/191"}],"collection":[{"href":"https:\/\/aemarvao.edu.gov.pt\/site\/wp-json\/wp\/v2\/pages"}],"about":[{"href":"https:\/\/aemarvao.edu.gov.pt\/site\/wp-json\/wp\/v2\/types\/page"}],"author":[{"embeddable":true,"href":"https:\/\/aemarvao.edu.gov.pt\/site\/wp-json\/wp\/v2\/users\/1"}],"replies":[{"embeddable":true,"href":"https:\/\/aemarvao.edu.gov.pt\/site\/wp-json\/wp\/v2\/comments?post=191"}],"version-history":[{"count":10,"href":"https:\/\/aemarvao.edu.gov.pt\/site\/wp-json\/wp\/v2\/pages\/191\/revisions"}],"predecessor-version":[{"id":5259,"href":"https:\/\/aemarvao.edu.gov.pt\/site\/wp-json\/wp\/v2\/pages\/191\/revisions\/5259"}],"up":[{"embeddable":true,"href":"https:\/\/aemarvao.edu.gov.pt\/site\/wp-json\/wp\/v2\/pages\/165"}],"wp:attachment":[{"href":"https:\/\/aemarvao.edu.gov.pt\/site\/wp-json\/wp\/v2\/media?parent=191"}],"curies":[{"name":"wp","href":"https:\/\/api.w.org\/{rel}","templated":true}]}}