{"id":167,"date":"2017-03-15T11:35:48","date_gmt":"2017-03-15T11:35:48","guid":{"rendered":"http:\/\/www.aemarvao.pt\/site\/?page_id=167"},"modified":"2025-05-09T17:43:52","modified_gmt":"2025-05-09T17:43:52","slug":"regulamento-interno","status":"publish","type":"page","link":"https:\/\/aemarvao.edu.gov.pt\/site\/documentos-estruturantes\/regulamento-interno\/","title":{"rendered":"Regulamento Interno"},"content":{"rendered":"<p><a href=\"https:\/\/aemarvao.edu.gov.pt\/site\/wp-content\/uploads\/2025\/05\/Reg.Interno2025.pdf\"><strong>Regulamento Interno<\/strong><\/a><\/p>\n<p align=\"justify\">O Regulamento Interno visa estabelecer as normas b\u00e1sicas, indispens\u00e1veis ao bom funcionamento da vida do Agrupamento de Escolas de Marv\u00e3o e esclarecer toda a popula\u00e7\u00e3o que o integra, no sentido de manter, em toda a comunidade educativa, uma s\u00e3 conviv\u00eancia num ambiente de disciplina, de trabalho e de boa harmonia, respeito m\u00fatuo e solidariedade, fixando e estabelecendo a sua estrutura de organiza\u00e7\u00e3o, a composi\u00e7\u00e3o, modo de elei\u00e7\u00e3o e compet\u00eancias, bem como o funcionamento dos seguintes \u00f3rg\u00e3os:<\/p>\n<p>a) Dos \u00f3rg\u00e3os de administra\u00e7\u00e3o e gest\u00e3o do agrupamento;<br \/>\nb) Das estruturas de coordena\u00e7\u00e3o e supervis\u00e3o pedag\u00f3gica;<br \/>\nc) Das estruturas de apoio educativo.<\/p>\n<p>O presente regulamento estabelece ainda os direitos e os deveres, individuais e coletivos, de todos os membros da comunidade educativa.<\/p>\n","protected":false},"excerpt":{"rendered":"<p>Regulamento Interno O Regulamento Interno visa estabelecer as normas b\u00e1sicas, indispens\u00e1veis ao bom funcionamento da vida do Agrupamento de Escolas de Marv\u00e3o e esclarecer toda a popula\u00e7\u00e3o que o integra, no sentido de manter, em toda a comunidade educativa, uma s\u00e3 conviv\u00eancia num ambiente de disciplina, de trabalho e de boa harmonia, respeito m\u00fatuo e &hellip; <\/p>\n<p class=\"link-more\"><a href=\"https:\/\/aemarvao.edu.gov.pt\/site\/documentos-estruturantes\/regulamento-interno\/\" class=\"more-link\">Continuar a ler <span class=\"screen-reader-text\">&#8220;Regulamento Interno&#8221;<\/span><\/a><\/p>\n","protected":false},"author":1,"featured_media":0,"parent":165,"menu_order":0,"comment_status":"closed","ping_status":"closed","template":"","meta":[],"_links":{"self":[{"href":"https:\/\/aemarvao.edu.gov.pt\/site\/wp-json\/wp\/v2\/pages\/167"}],"collection":[{"href":"https:\/\/aemarvao.edu.gov.pt\/site\/wp-json\/wp\/v2\/pages"}],"about":[{"href":"https:\/\/aemarvao.edu.gov.pt\/site\/wp-json\/wp\/v2\/types\/page"}],"author":[{"embeddable":true,"href":"https:\/\/aemarvao.edu.gov.pt\/site\/wp-json\/wp\/v2\/users\/1"}],"replies":[{"embeddable":true,"href":"https:\/\/aemarvao.edu.gov.pt\/site\/wp-json\/wp\/v2\/comments?post=167"}],"version-history":[{"count":9,"href":"https:\/\/aemarvao.edu.gov.pt\/site\/wp-json\/wp\/v2\/pages\/167\/revisions"}],"predecessor-version":[{"id":5195,"href":"https:\/\/aemarvao.edu.gov.pt\/site\/wp-json\/wp\/v2\/pages\/167\/revisions\/5195"}],"up":[{"embeddable":true,"href":"https:\/\/aemarvao.edu.gov.pt\/site\/wp-json\/wp\/v2\/pages\/165"}],"wp:attachment":[{"href":"https:\/\/aemarvao.edu.gov.pt\/site\/wp-json\/wp\/v2\/media?parent=167"}],"curies":[{"name":"wp","href":"https:\/\/api.w.org\/{rel}","templated":true}]}}