{"id":165,"date":"2017-03-15T11:35:22","date_gmt":"2017-03-15T11:35:22","guid":{"rendered":"http:\/\/www.aemarvao.pt\/site\/?page_id=165"},"modified":"2017-03-16T12:15:10","modified_gmt":"2017-03-16T12:15:10","slug":"documentos-estruturantes","status":"publish","type":"page","link":"https:\/\/aemarvao.edu.gov.pt\/site\/documentos-estruturantes\/","title":{"rendered":"Documentos Estruturantes"},"content":{"rendered":"<p>&nbsp;<\/p>\n<p><strong>Documentos Estruturantes do Agrupamento de Escolas do Concelho de Marv\u00e3o<\/strong><\/p>\n<div class=\"child_pages child_pages-thumbnail\">\n<div id=\"child_page-167\" class=\"child_page\" style=\"width:100%;max-width:100%;\"><div class=\"child_page-container\"><div class=\"post_thumb\"><a href=\"https:\/\/aemarvao.edu.gov.pt\/site\/documentos-estruturantes\/regulamento-interno\/\"><\/a><\/div><div class=\"post_content\"><h4><a href=\"https:\/\/aemarvao.edu.gov.pt\/site\/documentos-estruturantes\/regulamento-interno\/\">Regulamento Interno<\/a><\/h4><div class=\"post_excerpt\">Regulamento Interno O Regulamento Interno visa estabelecer as normas b\u00e1sicas, indispens\u00e1veis ao bom funcionamento da vida do Agrupamento de Escolas de Marv\u00e3o e esclarecer toda a popula\u00e7\u00e3o que o integra, no sentido de manter, em toda a comunidade educativa, uma s\u00e3 conviv\u00eancia num ambiente de disciplina, de trabalho e de boa harmonia, respeito m\u00fatuo e &hellip; <p class=\"link-more\"><a href=\"https:\/\/aemarvao.edu.gov.pt\/site\/documentos-estruturantes\/regulamento-interno\/\" class=\"more-link\">Continuar a ler <span class=\"screen-reader-text\">\"Regulamento Interno\"<\/span><\/a><\/p><\/div><\/div><!-- .post_content  --><\/div><!-- .child_page-container --><\/div><!-- #child_page-167\" -->\n\n<div id=\"child_page-218\" class=\"child_page\" style=\"width:100%;max-width:100%;\"><div class=\"child_page-container\"><div class=\"post_thumb\"><a href=\"https:\/\/aemarvao.edu.gov.pt\/site\/documentos-estruturantes\/quadros-de-valor-e-excelencia\/\"><\/a><\/div><div class=\"post_content\"><h4><a href=\"https:\/\/aemarvao.edu.gov.pt\/site\/documentos-estruturantes\/quadros-de-valor-e-excelencia\/\">Quadros de Valor e Excel\u00eancia<\/a><\/h4><div class=\"post_excerpt\">Quadros de Valor e Excel\u00eancia para consulta Os quadros de valor e de excel\u00eancia destinam-se a tornar patente o reconhecimento de aptid\u00f5es e atitudes dos alunos ou grupos de alunos do 1\u00ba, 2\u00ba e 3\u00ba ciclos do ensino b\u00e1sico, que tenham evidenciado valor e excel\u00eancia nos dom\u00ednios cognitivo, cultural, pessoal ou social. Os quadros de &hellip; <p class=\"link-more\"><a href=\"https:\/\/aemarvao.edu.gov.pt\/site\/documentos-estruturantes\/quadros-de-valor-e-excelencia\/\" class=\"more-link\">Continuar a ler <span class=\"screen-reader-text\">\"Quadros de Valor e Excel\u00eancia\"<\/span><\/a><\/p><\/div><\/div><!-- .post_content  --><\/div><!-- .child_page-container --><\/div><!-- #child_page-218\" -->\n\n<div id=\"child_page-203\" class=\"child_page\" style=\"width:100%;max-width:100%;\"><div class=\"child_page-container\"><div class=\"post_thumb\"><a href=\"https:\/\/aemarvao.edu.gov.pt\/site\/documentos-estruturantes\/organizacao-e-funcionamento-das-escolas\/\"><\/a><\/div><div class=\"post_content\"><h4><a href=\"https:\/\/aemarvao.edu.gov.pt\/site\/documentos-estruturantes\/organizacao-e-funcionamento-das-escolas\/\">Organiza\u00e7\u00e3o e Funcionamento das Escolas<\/a><\/h4><div class=\"post_excerpt\">Organiza\u00e7\u00e3o e Funcionamento das Escolas para consulta A Organiza\u00e7\u00e3o e Funcionamento das Escolas \u00e9 um documento estruturante para o Agrupamento, uma vez que re\u00fane um vasto leque de informa\u00e7\u00f5es relevantes para o bom funcionamento do Agrupamento, que v\u00e3o desde o hor\u00e1rio das atividades letivas, a diversos procedimentos a ter em considera\u00e7\u00e3o tanto pelo pessoal docente &hellip; <p class=\"link-more\"><a href=\"https:\/\/aemarvao.edu.gov.pt\/site\/documentos-estruturantes\/organizacao-e-funcionamento-das-escolas\/\" class=\"more-link\">Continuar a ler <span class=\"screen-reader-text\">\"Organiza\u00e7\u00e3o e Funcionamento das Escolas\"<\/span><\/a><\/p><\/div><\/div><!-- .post_content  --><\/div><!-- .child_page-container --><\/div><!-- #child_page-203\" -->\n\n<div id=\"child_page-194\" class=\"child_page\" style=\"width:100%;max-width:100%;\"><div class=\"child_page-container\"><div class=\"post_thumb\"><a href=\"https:\/\/aemarvao.edu.gov.pt\/site\/documentos-estruturantes\/matrizes-curriculares\/\"><\/a><\/div><div class=\"post_content\"><h4><a href=\"https:\/\/aemarvao.edu.gov.pt\/site\/documentos-estruturantes\/matrizes-curriculares\/\">Matrizes Curriculares<\/a><\/h4><div class=\"post_excerpt\">Matrizes Curriculares para consulta As matrizes curriculares definem a carga hor\u00e1ria semanal das diferentes componentes do curr\u00edculo nos diversos ciclos de ensino de cada Agrupamento ou Escola n\u00e3o Agrupada, tanto das \u00e1reas disciplinares de frequ\u00eancia obrigat\u00f3ria, como das \u00e1reas n\u00e3o disciplinares quer, ainda, das disciplinas de frequ\u00eancia facultativa. No \u00e2mbito da sua autonomia, as escolas &hellip; <p class=\"link-more\"><a href=\"https:\/\/aemarvao.edu.gov.pt\/site\/documentos-estruturantes\/matrizes-curriculares\/\" class=\"more-link\">Continuar a ler <span class=\"screen-reader-text\">\"Matrizes Curriculares\"<\/span><\/a><\/p><\/div><\/div><!-- .post_content  --><\/div><!-- .child_page-container --><\/div><!-- #child_page-194\" -->\n\n<div id=\"child_page-191\" class=\"child_page\" style=\"width:100%;max-width:100%;\"><div class=\"child_page-container\"><div class=\"post_thumb\"><a href=\"https:\/\/aemarvao.edu.gov.pt\/site\/documentos-estruturantes\/criterios-gerais-de-avaliacao\/\"><\/a><\/div><div class=\"post_content\"><h4><a href=\"https:\/\/aemarvao.edu.gov.pt\/site\/documentos-estruturantes\/criterios-gerais-de-avaliacao\/\">Crit\u00e9rios Gerais de Avalia\u00e7\u00e3o<\/a><\/h4><div class=\"post_excerpt\">Crit\u00e9rios Gerais de Avalia\u00e7\u00e3o para consulta &#8211; 2025|26 Os crit\u00e9rios gerais de avalia\u00e7\u00e3o constituem a refer\u00eancia para a defini\u00e7\u00e3o dos crit\u00e9rios espec\u00edficos das diferentes disciplinas e devem ser operacionalizados individualmente por cada docente e coletivamente pelo conselho de docentes no 1.\u00ba ciclo e pelos conselhos de turma nos 2.\u00ba e 3.\u00ba ciclos, no \u00e2mbito da &hellip; <p class=\"link-more\"><a href=\"https:\/\/aemarvao.edu.gov.pt\/site\/documentos-estruturantes\/criterios-gerais-de-avaliacao\/\" class=\"more-link\">Continuar a ler <span class=\"screen-reader-text\">\"Crit\u00e9rios Gerais de Avalia\u00e7\u00e3o\"<\/span><\/a><\/p><\/div><\/div><!-- .post_content  --><\/div><!-- .child_page-container --><\/div><!-- #child_page-191\" -->\n\n<div id=\"child_page-229\" class=\"child_page\" style=\"width:100%;max-width:100%;\"><div class=\"child_page-container\"><div class=\"post_thumb\"><a href=\"https:\/\/aemarvao.edu.gov.pt\/site\/documentos-estruturantes\/regulamento-de-visitas-de-estudo\/\"><\/a><\/div><div class=\"post_content\"><h4><a href=\"https:\/\/aemarvao.edu.gov.pt\/site\/documentos-estruturantes\/regulamento-de-visitas-de-estudo\/\">Regulamento de Visitas de Estudo<\/a><\/h4><div class=\"post_excerpt\">Regulamento de Visitas de Estudo para consulta O Regulamento de Visitas de Estudo estabelece as normas relativas \u00e0 operacionaliza\u00e7\u00e3o de uma atividade curricular que, pela sua especificidade, est\u00e1 sujeita a procedimentos espec\u00edficos, desde a sua prepara\u00e7\u00e3o at\u00e9 \u00e0 sua implementa\u00e7\u00e3o.<\/div><\/div><!-- .post_content  --><\/div><!-- .child_page-container --><\/div><!-- #child_page-229\" -->\n\n<div id=\"child_page-236\" class=\"child_page\" style=\"width:100%;max-width:100%;\"><div class=\"child_page-container\"><div class=\"post_thumb\"><a href=\"https:\/\/aemarvao.edu.gov.pt\/site\/documentos-estruturantes\/regulamento-giae\/\"><\/a><\/div><div class=\"post_content\"><h4><a href=\"https:\/\/aemarvao.edu.gov.pt\/site\/documentos-estruturantes\/regulamento-giae\/\">Regulamento GIAE<\/a><\/h4><div class=\"post_excerpt\">Regulamento GIAE para consulta O Sistema de Gest\u00e3o para a Administra\u00e7\u00e3o Escolar, designado GIAE, \u00e9 um sistema inform\u00e1tico, instalado, em rede, nos postos de trabalho de presta\u00e7\u00e3o de servi\u00e7os \u00e0 comunidade escolar: Portaria; Refeit\u00f3rio, Bufete; Papelaria, Reprografia e Servi\u00e7os Administrativos. O presente regulamento aplica-se a todos os utilizadores do sistema e portadores de cart\u00e3o do &hellip; <p class=\"link-more\"><a href=\"https:\/\/aemarvao.edu.gov.pt\/site\/documentos-estruturantes\/regulamento-giae\/\" class=\"more-link\">Continuar a ler <span class=\"screen-reader-text\">\"Regulamento GIAE\"<\/span><\/a><\/p><\/div><\/div><!-- .post_content  --><\/div><!-- .child_page-container --><\/div><!-- #child_page-236\" -->\n\n<div id=\"child_page-245\" class=\"child_page\" style=\"width:100%;max-width:100%;\"><div class=\"child_page-container\"><div class=\"post_thumb\"><a href=\"https:\/\/aemarvao.edu.gov.pt\/site\/documentos-estruturantes\/projeto-curricular-do-agrupamento\/\"><\/a><\/div><div class=\"post_content\"><h4><a href=\"https:\/\/aemarvao.edu.gov.pt\/site\/documentos-estruturantes\/projeto-curricular-do-agrupamento\/\">Projeto Curricular do Agrupamento<\/a><\/h4><div class=\"post_excerpt\">Projeto Curricular do Agrupamento 2016\/2020 O Projeto Curricular do Agrupamento \u00e9 o instrumento fundamental da gest\u00e3o do curr\u00edculo, estabelecendo a liga\u00e7\u00e3o entre o Curr\u00edculo Nacional e as op\u00e7\u00f5es do Projeto Educativo, no contexto da legisla\u00e7\u00e3o existente, da autonomia e da sua realidade espec\u00edfica. O conceito de \u201ccurr\u00edculo\u201d assim desenvolvido decorre das intera\u00e7\u00f5es estabelecidas entre estes &hellip; <p class=\"link-more\"><a href=\"https:\/\/aemarvao.edu.gov.pt\/site\/documentos-estruturantes\/projeto-curricular-do-agrupamento\/\" class=\"more-link\">Continuar a ler <span class=\"screen-reader-text\">\"Projeto Curricular do Agrupamento\"<\/span><\/a><\/p><\/div><\/div><!-- .post_content  --><\/div><!-- .child_page-container --><\/div><!-- #child_page-245\" -->\n\n<div id=\"child_page-249\" class=\"child_page\" style=\"width:100%;max-width:100%;\"><div class=\"child_page-container\"><div class=\"post_thumb\"><a href=\"https:\/\/aemarvao.edu.gov.pt\/site\/documentos-estruturantes\/plano-de-melhoria-2025-26\/\"><\/a><\/div><div class=\"post_content\"><h4><a href=\"https:\/\/aemarvao.edu.gov.pt\/site\/documentos-estruturantes\/plano-de-melhoria-2025-26\/\">Plano de Melhoria 2025\/26<\/a><\/h4><div class=\"post_excerpt\">Plano de Melhoria 2025\/26 para consulta O Plano de Melhoria tem como objetivo o fortalecimento e\/ou mudan\u00e7a de pr\u00e1ticas, em resposta \u00e0s \u00e1reas destacadas no \u00e2mbito da avalia\u00e7\u00e3o externa, pretendendo assumir um comprometimento com um processo de melhoria e o estabelecimento de condi\u00e7\u00f5es objetivas de como essa melhoria ser\u00e1 alcan\u00e7ada, tal como j\u00e1 tinha sido &hellip; <p class=\"link-more\"><a href=\"https:\/\/aemarvao.edu.gov.pt\/site\/documentos-estruturantes\/plano-de-melhoria-2025-26\/\" class=\"more-link\">Continuar a ler <span class=\"screen-reader-text\">\"Plano de Melhoria 2025\/26\"<\/span><\/a><\/p><\/div><\/div><!-- .post_content  --><\/div><!-- .child_page-container --><\/div><!-- #child_page-249\" -->\n\n<div id=\"child_page-253\" class=\"child_page\" style=\"width:100%;max-width:100%;\"><div class=\"child_page-container\"><div class=\"post_thumb\"><a href=\"https:\/\/aemarvao.edu.gov.pt\/site\/documentos-estruturantes\/projeto-educativo-20252027\/\"><\/a><\/div><div class=\"post_content\"><h4><a href=\"https:\/\/aemarvao.edu.gov.pt\/site\/documentos-estruturantes\/projeto-educativo-20252027\/\">Projeto Educativo 2025\/2027<\/a><\/h4><div class=\"post_excerpt\">Projeto Educativo 2025-2027 &nbsp; A constru\u00e7\u00e3o do Projeto Educativo do Agrupamento (PEA) teve como objetivo definir as op\u00e7\u00f5es estrat\u00e9gicas do desenvolvimento organizacional, pedag\u00f3gico, social e profissional, identificadas como essenciais e priorit\u00e1rios por toda a comunidade educativa.<\/div><\/div><!-- .post_content  --><\/div><!-- .child_page-container --><\/div><!-- #child_page-253\" -->\n\n<div id=\"child_page-765\" class=\"child_page\" style=\"width:100%;max-width:100%;\"><div class=\"child_page-container\"><div class=\"post_thumb\"><a href=\"https:\/\/aemarvao.edu.gov.pt\/site\/documentos-estruturantes\/avaliacao-externa-das-escolas\/\"><\/a><\/div><div class=\"post_content\"><h4><a href=\"https:\/\/aemarvao.edu.gov.pt\/site\/documentos-estruturantes\/avaliacao-externa-das-escolas\/\">Avalia\u00e7\u00e3o Externa das Escolas<\/a><\/h4><div class=\"post_excerpt\">Relat\u00f3rio do Agrupamento de Escolas de Marv\u00e3o para consulta A Lei n.\u00ba 31\/2002, de 20 de dezembro, aprovou o sistema de avalia\u00e7\u00e3o dos estabelecimentos de educa\u00e7\u00e3o pr\u00e9-escolar e dos ensinos b\u00e1sico e secund\u00e1rio, definindo orienta\u00e7\u00f5es gerais para a autoavalia\u00e7\u00e3o e para a avalia\u00e7\u00e3o externa. Neste \u00e2mbito, foi desenvolvido, desde 2006, um programa nacional de avalia\u00e7\u00e3o &hellip; <p class=\"link-more\"><a href=\"https:\/\/aemarvao.edu.gov.pt\/site\/documentos-estruturantes\/avaliacao-externa-das-escolas\/\" class=\"more-link\">Continuar a ler <span class=\"screen-reader-text\">\"Avalia\u00e7\u00e3o Externa das Escolas\"<\/span><\/a><\/p><\/div><\/div><!-- .post_content  --><\/div><!-- .child_page-container --><\/div><!-- #child_page-765\" -->\n\n<div id=\"child_page-998\" class=\"child_page\" style=\"width:100%;max-width:100%;\"><div class=\"child_page-container\"><div class=\"post_thumb\"><a href=\"https:\/\/aemarvao.edu.gov.pt\/site\/documentos-estruturantes\/plano-anual-de-atividades\/\"><\/a><\/div><div class=\"post_content\"><h4><a href=\"https:\/\/aemarvao.edu.gov.pt\/site\/documentos-estruturantes\/plano-anual-de-atividades\/\">Plano Anual de Atividades<\/a><\/h4><div class=\"post_excerpt\">Plano Anual de Atividades (PAA) do Agrupamento de Escolas de Marv\u00e3o para o ano letivo 2021\/2022 Consultar o PAA<\/div><\/div><!-- .post_content  --><\/div><!-- .child_page-container --><\/div><!-- #child_page-998\" -->\n\n<div id=\"child_page-1172\" class=\"child_page\" style=\"width:100%;max-width:100%;\"><div class=\"child_page-container\"><div class=\"post_thumb\"><a href=\"https:\/\/aemarvao.edu.gov.pt\/site\/documentos-estruturantes\/autoavaliacao-20242025\/\"><\/a><\/div><div class=\"post_content\"><h4><a href=\"https:\/\/aemarvao.edu.gov.pt\/site\/documentos-estruturantes\/autoavaliacao-20242025\/\">Autoavalia\u00e7\u00e3o 2024\/2025<\/a><\/h4><div class=\"post_excerpt\">Autoavalia\u00e7\u00e3o 2024\/25 para consulta O documento de Autoavalia\u00e7\u00e3o do Agrupamento de Escolas de Marv\u00e3o est\u00e1 organizado conforme o Quadro de Refer\u00eancia para a Avalia\u00e7\u00e3o Externa das Escolas da Inspe\u00e7\u00e3o-Geral da Educa\u00e7\u00e3o e Ci\u00eancia, pelo que reflete os seus dom\u00ednios, campos de an\u00e1lise e referentes. Sendo essa a estrutura que lhe d\u00e1 base, esta Autoavalia\u00e7\u00e3o pretende, &hellip; <p class=\"link-more\"><a href=\"https:\/\/aemarvao.edu.gov.pt\/site\/documentos-estruturantes\/autoavaliacao-20242025\/\" class=\"more-link\">Continuar a ler <span class=\"screen-reader-text\">\"Autoavalia\u00e7\u00e3o 2024\/2025\"<\/span><\/a><\/p><\/div><\/div><!-- .post_content  --><\/div><!-- .child_page-container --><\/div><!-- #child_page-1172\" -->\n<\/div>\n","protected":false},"excerpt":{"rendered":"<p>&nbsp; Documentos Estruturantes do Agrupamento de Escolas do Concelho de Marv\u00e3o<\/p>\n","protected":false},"author":1,"featured_media":0,"parent":0,"menu_order":0,"comment_status":"closed","ping_status":"closed","template":"","meta":[],"_links":{"self":[{"href":"https:\/\/aemarvao.edu.gov.pt\/site\/wp-json\/wp\/v2\/pages\/165"}],"collection":[{"href":"https:\/\/aemarvao.edu.gov.pt\/site\/wp-json\/wp\/v2\/pages"}],"about":[{"href":"https:\/\/aemarvao.edu.gov.pt\/site\/wp-json\/wp\/v2\/types\/page"}],"author":[{"embeddable":true,"href":"https:\/\/aemarvao.edu.gov.pt\/site\/wp-json\/wp\/v2\/users\/1"}],"replies":[{"embeddable":true,"href":"https:\/\/aemarvao.edu.gov.pt\/site\/wp-json\/wp\/v2\/comments?post=165"}],"version-history":[{"count":6,"href":"https:\/\/aemarvao.edu.gov.pt\/site\/wp-json\/wp\/v2\/pages\/165\/revisions"}],"predecessor-version":[{"id":186,"href":"https:\/\/aemarvao.edu.gov.pt\/site\/wp-json\/wp\/v2\/pages\/165\/revisions\/186"}],"wp:attachment":[{"href":"https:\/\/aemarvao.edu.gov.pt\/site\/wp-json\/wp\/v2\/media?parent=165"}],"curies":[{"name":"wp","href":"https:\/\/api.w.org\/{rel}","templated":true}]}}