{"id":16,"date":"2017-03-13T10:39:53","date_gmt":"2017-03-13T10:39:53","guid":{"rendered":"http:\/\/www.aemarvao.pt\/site\/?page_id=16"},"modified":"2024-11-06T14:03:01","modified_gmt":"2024-11-06T14:03:01","slug":"inicio","status":"publish","type":"page","link":"https:\/\/aemarvao.edu.gov.pt\/site\/","title":{"rendered":""},"content":{"rendered":"<p align=\"justify\">Seja bem-vindo ao website do Agrupamento de Escolas de Marv\u00e3o<\/p>\n<div class=\"pt-cv-wrapper\"><div class=\"pt-cv-view pt-cv-grid pt-cv-colsys\" id=\"pt-cv-view-6ccb739it7\"><div data-id=\"pt-cv-page-1\" class=\"pt-cv-page\" data-cvc=\"2\"><div class=\"col-md-6 col-sm-6 col-xs-12 pt-cv-content-item pt-cv-1-col\" ><div class='pt-cv-ifield'><a href=\"https:\/\/aemarvao.edu.gov.pt\/site\/alunosenc-educacao\/provas-2026\/pef-e-provas-finais-de-ciclo-9oano\/\" class=\"_self pt-cv-href-thumbnail pt-cv-thumb-default\" target=\"_self\" ><\/a>\n<h4 class=\"pt-cv-title\"><a href=\"https:\/\/aemarvao.edu.gov.pt\/site\/alunosenc-educacao\/provas-2026\/pef-e-provas-finais-de-ciclo-9oano\/\" class=\"_self\" target=\"_self\" >PROVAS E.F. 1\u00ba\/3\u00baCICLOS PROVAS FINAIS DO 9\u00baANO<\/a><\/h4>\n<div class=\"pt-cv-content\">Calendariza\u00e7\u00e3o da Realiza\u00e7\u00e3o das Provas Ano Letivo 2025\/2026 PROVAS DE EQUIVAL\u00caNCIA \u00c0 FREQU\u00caNCIA DOS 1\u00ba e 3\u00ba CICLOS E PROVAS ...<br \/><a href=\"https:\/\/aemarvao.edu.gov.pt\/site\/alunosenc-educacao\/provas-2026\/pef-e-provas-finais-de-ciclo-9oano\/\" class=\"_self pt-cv-readmore btn btn-success\" target=\"_self\">Ver imagens<\/a><\/div><\/div><\/div>\n<div class=\"col-md-6 col-sm-6 col-xs-12 pt-cv-content-item pt-cv-1-col\" ><div class='pt-cv-ifield'><a href=\"https:\/\/aemarvao.edu.gov.pt\/site\/alunosenc-educacao\/provas-2026\/moda\/\" class=\"_self pt-cv-href-thumbnail pt-cv-thumb-default\" target=\"_self\" ><\/a>\n<h4 class=\"pt-cv-title\"><a href=\"https:\/\/aemarvao.edu.gov.pt\/site\/alunosenc-educacao\/provas-2026\/moda\/\" class=\"_self\" target=\"_self\" >ModA 1\u00ba\/2\u00ba Ciclos<\/a><\/h4>\n<div class=\"pt-cv-content\">Calendariza\u00e7\u00e3o da Realiza\u00e7\u00e3o das Provas Ano Letivo 2025\/2026 ModA DOS 1\u00ba e 2\u00ba CICLOS ...<br \/><a href=\"https:\/\/aemarvao.edu.gov.pt\/site\/alunosenc-educacao\/provas-2026\/moda\/\" class=\"_self pt-cv-readmore btn btn-success\" target=\"_self\">Ver imagens<\/a><\/div><\/div><\/div><\/div><\/div><\/div>\n","protected":false},"excerpt":{"rendered":"<p>Seja bem-vindo ao website do Agrupamento de Escolas de Marv\u00e3o<\/p>\n","protected":false},"author":1,"featured_media":0,"parent":0,"menu_order":0,"comment_status":"closed","ping_status":"closed","template":"","meta":[],"_links":{"self":[{"href":"https:\/\/aemarvao.edu.gov.pt\/site\/wp-json\/wp\/v2\/pages\/16"}],"collection":[{"href":"https:\/\/aemarvao.edu.gov.pt\/site\/wp-json\/wp\/v2\/pages"}],"about":[{"href":"https:\/\/aemarvao.edu.gov.pt\/site\/wp-json\/wp\/v2\/types\/page"}],"author":[{"embeddable":true,"href":"https:\/\/aemarvao.edu.gov.pt\/site\/wp-json\/wp\/v2\/users\/1"}],"replies":[{"embeddable":true,"href":"https:\/\/aemarvao.edu.gov.pt\/site\/wp-json\/wp\/v2\/comments?post=16"}],"version-history":[{"count":9,"href":"https:\/\/aemarvao.edu.gov.pt\/site\/wp-json\/wp\/v2\/pages\/16\/revisions"}],"predecessor-version":[{"id":4958,"href":"https:\/\/aemarvao.edu.gov.pt\/site\/wp-json\/wp\/v2\/pages\/16\/revisions\/4958"}],"wp:attachment":[{"href":"https:\/\/aemarvao.edu.gov.pt\/site\/wp-json\/wp\/v2\/media?parent=16"}],"curies":[{"name":"wp","href":"https:\/\/api.w.org\/{rel}","templated":true}]}}